{"id":2244,"date":"2024-12-19T17:15:54","date_gmt":"2024-12-19T17:15:54","guid":{"rendered":"https:\/\/jiantaimachine.com\/?post_type=product&#038;p=2244"},"modified":"2025-07-06T00:37:32","modified_gmt":"2025-07-06T00:37:32","slug":"tubo-flessibile-intrecciato-in-pvc","status":"publish","type":"product","link":"https:\/\/jiantaimachine.com\/it\/pvc-braided-hose\/","title":{"rendered":"Tubo flessibile intrecciato in PVC"},"content":{"rendered":"<h2>Scoprite la durata del nostro tubo flessibile intrecciato in PVC di qualit\u00e0 superiore<\/h2>\n<p>Sia che siate professionisti che necessitano di attrezzature affidabili per applicazioni industriali o proprietari di case che cercano una soluzione robusta per le vostre esigenze di giardinaggio, il nostro tubo flessibile intrecciato in PVC offre prestazioni e durata senza pari.<\/p>\n<h2>Qualit\u00e0 e flessibilit\u00e0 ineguagliabili<\/h2>\n<p>Il nostro tubo flessibile intrecciato in PVC \u00e8 progettato per resistere alle condizioni pi\u00f9 difficili, ed \u00e8 quindi ideale per una variet\u00e0 di utilizzi, dalla fabbrica alle abitazioni. Questo tubo \u00e8 realizzato in cloruro di polivinile di alta qualit\u00e0 e rinforzato con una robusta treccia di poliestere, che ne garantisce la tenuta sotto pressione senza piegarsi o rompersi.<\/p>\n<h3>Caratteristiche principali:<\/h3>\n<ul>\n<li><strong>Costruzione robusta<\/strong>: Realizzato in PVC di alta qualit\u00e0 e rinforzato con trecce di poliestere che ne aumentano la resistenza e la durata.<\/li>\n<li><strong>Flessibilit\u00e0<\/strong>: Nonostante la sua robustezza, rimane flessibile, consentendo una facile movimentazione e l'utilizzo in una variet\u00e0 di applicazioni, compresi gli spazi ristretti in cui la manovrabilit\u00e0 \u00e8 fondamentale.<\/li>\n<li><strong>Resistenza chimica<\/strong>: Resistente a un'ampia gamma di sostanze chimiche, \u00e8 adatto all'uso industriale, automobilistico e agricolo.<\/li>\n<li><strong>Resistente agli agenti atmosferici<\/strong>: Si comporta in modo eccellente in diverse condizioni climatiche, dal caldo estremo al gelo, garantendo affidabilit\u00e0 per tutto l'anno.<\/li>\n<li><strong>Connessioni versatili<\/strong>: Disponibile con diversi tipi di raccordi, come da 1\/8\u2033 BSP femmina a 1\/4\u2033 BSP femmina e da 1\/8\u2033 BSP femmina a 1\/8\u2033 BSP femmina, per garantire la compatibilit\u00e0 con un'ampia gamma di apparecchiature.<\/li>\n<\/ul>\n<h2>Applicazioni<\/h2>\n<p>I tubi flessibili intrecciati in PVC non sono solo versatili, ma sono essenziali in molti settori:<\/p>\n<ul>\n<li><strong>Industriale<\/strong>: Per utensili pneumatici, linee d'aria compressa e fornitura d'acqua in ambienti difficili.<\/li>\n<li><strong>Automotive<\/strong>: Come linee di trasferimento dei fluidi, compresi aria, acqua e persino carburante, a seconda delle specifiche.<\/li>\n<li><strong>Agricoltura<\/strong>: Per tubi di irrigazione, pesticidi e fertilizzanti.<\/li>\n<li><strong>A casa<\/strong>: Utili in giardini, garage e piscine per varie attivit\u00e0, dall'annaffiatura delle piante alla pulizia.<\/li>\n<\/ul>\n<h2>Perch\u00e9 scegliere il nostro tubo flessibile intrecciato in PVC?<\/h2>\n<p>Scegliere il nostro tubo flessibile intrecciato in PVC significa investire in un prodotto destinato a durare nel tempo. Non solo offre un'elevata resistenza alla trazione e prestazioni superiori in ambienti difficili, ma \u00e8 anche accompagnato dalla promessa di un eccellente servizio di assistenza e supporto al cliente.<\/p>\n<h3>Disponibile per l'acquisto in blocco e la personalizzazione<\/h3>\n<p>Offriamo il nostro tubo flessibile intrecciato in PVC sia per acquisti al dettaglio che all'ingrosso. Sono disponibili soluzioni su misura per soddisfare requisiti specifici, assicurandovi di ottenere esattamente ci\u00f2 che vi serve per la vostra specifica applicazione.<\/p>\n<h3>Migliorate le vostre operazioni con un tubo affidabile<\/h3>\n<p>Investite in un tubo che offre durata, flessibilit\u00e0 e tranquillit\u00e0. Il nostro tubo flessibile intrecciato in PVC \u00e8 la scelta dei professionisti e dei proprietari di casa che esigono il meglio dalle loro attrezzature.<\/p>","protected":false},"excerpt":{"rendered":"<p>Esplorate il nostro resistente tubo flessibile intrecciato in PVC, ideale per varie applicazioni. Lunghezze e connessioni personalizzabili disponibili all'ingrosso. Perfetto per uso industriale e domestico.<\/p>","protected":false},"featured_media":2246,"comment_status":"open","ping_status":"closed","template":"","meta":{"_gspb_post_css":"","rank_math_lock_modified_date":false},"product_brand":[],"product_cat":[154],"product_tag":[],"class_list":{"0":"post-2244","1":"product","2":"type-product","3":"status-publish","4":"has-post-thumbnail","6":"product_cat-plastic-products","8":"first","9":"instock","10":"sale","11":"shipping-taxable","12":"purchasable","13":"product-type-variable"},"_links":{"self":[{"href":"https:\/\/jiantaimachine.com\/it\/wp-json\/wp\/v2\/product\/2244","targetHints":{"allow":["GET"]}}],"collection":[{"href":"https:\/\/jiantaimachine.com\/it\/wp-json\/wp\/v2\/product"}],"about":[{"href":"https:\/\/jiantaimachine.com\/it\/wp-json\/wp\/v2\/types\/product"}],"replies":[{"embeddable":true,"href":"https:\/\/jiantaimachine.com\/it\/wp-json\/wp\/v2\/comments?post=2244"}],"wp:featuredmedia":[{"embeddable":true,"href":"https:\/\/jiantaimachine.com\/it\/wp-json\/wp\/v2\/media\/2246"}],"wp:attachment":[{"href":"https:\/\/jiantaimachine.com\/it\/wp-json\/wp\/v2\/media?parent=2244"}],"wp:term":[{"taxonomy":"product_brand","embeddable":true,"href":"https:\/\/jiantaimachine.com\/it\/wp-json\/wp\/v2\/product_brand?post=2244"},{"taxonomy":"product_cat","embeddable":true,"href":"https:\/\/jiantaimachine.com\/it\/wp-json\/wp\/v2\/product_cat?post=2244"},{"taxonomy":"product_tag","embeddable":true,"href":"https:\/\/jiantaimachine.com\/it\/wp-json\/wp\/v2\/product_tag?post=2244"}],"curies":[{"name":"wp","href":"https:\/\/api.w.org\/{rel}","templated":true}]}}