{"id":1793,"date":"2024-11-19T05:38:23","date_gmt":"2024-11-19T05:38:23","guid":{"rendered":"https:\/\/jiantaimachine.com\/?post_type=product&#038;p=1793"},"modified":"2025-07-06T00:36:16","modified_gmt":"2025-07-06T00:36:16","slug":"estrusore-per-il-riciclaggio-della-plastica","status":"publish","type":"product","link":"https:\/\/jiantaimachine.com\/it\/plastic-recycling-extruder\/","title":{"rendered":"Estrusore per il riciclaggio della plastica"},"content":{"rendered":"<p>A <strong>estrusore per il riciclaggio della plastica<\/strong> \u00e8 una macchina specializzata progettata per trasformare la plastica di scarto in pellet di plastica riutilizzabili. Questa apparecchiatura svolge un ruolo fondamentale nel processo di riciclaggio della plastica, consentendo alle industrie di ridurre l'impatto ambientale e massimizzare il riutilizzo dei materiali. Gli estrusori per il riciclaggio della plastica di JianTai Machine sono progettati per garantire alta efficienza, durata e precisione, soddisfacendo le esigenze delle moderne operazioni di riciclaggio.<\/p>\n<h3><strong>Caratteristiche principali dell'estrusore per il riciclaggio della plastica JianTai:<\/strong><\/h3>\n<ol>\n<li><strong>Estrusione ad alte prestazioni<\/strong>:<br \/>\nDotato di un sistema avanzato di <strong>servomotori<\/strong>I nostri estrusori garantiscono un'estrusione di plastica stabile ed efficiente, assicurando una qualit\u00e0 costante della produzione.<\/li>\n<li><strong>Processo di pellettizzazione a filo d'acqua<\/strong>:<br \/>\nSpecializzato nella <strong>tecnologia di taglio a filo d'acqua<\/strong>L'estrusore trasforma i rifiuti plastici in pellet di plastica di forma uniforme, ideali per il riutilizzo in varie applicazioni.<\/li>\n<li><strong>Robusto e affidabile<\/strong>:<br \/>\nCostruita con materiali di prima qualit\u00e0, la macchina garantisce prestazioni di lunga durata con <strong>manutenzione minima<\/strong>.<\/li>\n<li><strong>Certificazione completa<\/strong>:<br \/>\nI nostri estrusori sono <strong>Certificato CE<\/strong> e rispettare <strong>Norme ISO 9001<\/strong>garantendo i parametri internazionali di sicurezza e qualit\u00e0.<\/li>\n<li><strong>Funzionamento facile da usare<\/strong>:<br \/>\nProgettato per essere facile da usare, l'estrusore \u00e8 dotato di un pannello di controllo intuitivo per le regolazioni in tempo reale e la gestione efficiente del processo di riciclo.<\/li>\n<li><strong>Opzioni personalizzabili<\/strong>:<br \/>\nGrazie alle configurazioni regolabili, il nostro estrusore pu\u00f2 gestire un'ampia gamma di materie plastiche, tra cui HDPE, LDPE, PP e altro ancora.<\/li>\n<\/ol>\n<h3><strong>Vantaggi dell'utilizzo dell'estrusore per il riciclo della plastica JianTai:<\/strong><\/h3>\n<ul>\n<li><strong>Soluzioni eco-compatibili<\/strong>: Trasforma i rifiuti di plastica in pellet di valore, riducendo l'impatto ambientale.<\/li>\n<li><strong>Riciclaggio efficiente dal punto di vista dei costi<\/strong>: Riduce i costi delle materie prime grazie al ritrattamento dei materiali di scarto in forme riutilizzabili.<\/li>\n<li><strong>Supporto chiavi in mano<\/strong>: JianTai fornisce <strong>installazione, messa in servizio, formazione<\/strong>, e <strong>assistenza tecnica a distanza<\/strong>, assicurando un avviamento senza problemi.<\/li>\n<li><strong>Servizio post-vendita affidabile<\/strong>: Sostenuto da un <strong>Garanzia di un anno<\/strong> e un supporto tecnico esperto.<\/li>\n<\/ul>\n<h3><strong>Applicazioni<\/strong>:<\/h3>\n<p>I nostri estrusori sono adatti alle industrie di riciclaggio coinvolte nella produzione:<\/p>\n<ul>\n<li>Sacchetti di plastica<\/li>\n<li>Bottiglie<\/li>\n<li>Materiali da imballaggio<\/li>\n<li>Rottami industriali<\/li>\n<\/ul>\n<h3><strong>Perch\u00e9 scegliere la macchina JianTai?<\/strong><\/h3>\n<p>Con oltre <strong>19 anni di esperienza nel settore<\/strong> Dalla sua fondazione nel 2005, JianTai Machine \u00e8 diventata un nome di fiducia nel settore dei macchinari per il riciclaggio. Il nostro impegno per la qualit\u00e0, l'innovazione e la soddisfazione del cliente garantisce ai nostri clienti prodotti e servizi di qualit\u00e0 superiore.<\/p>\n<p>Per richieste o ulteriori dettagli sui nostri estrusori per il riciclaggio della plastica, contattateci all'indirizzo:<br \/>\n\ud83d\udce7 <strong><a href=\"mailto:ding@jiantaimachine.com\" rel=\"noopener\">ding@jiantaimachine.com<\/a><\/strong><br \/>\n\ud83d\udcde <strong>+86 17788500040<\/strong><br \/>\n\ud83d\udccd <strong>Indirizzo<\/strong>: Edificio 3, Wanyang Innovation City, Langxia Street, Yuyao City, provincia di Zhejiang, Cina.<\/p>","protected":false},"excerpt":{"rendered":"<p><strong>Estrusore per il riciclaggio della plastica<\/strong>: Trasformate i rifiuti plastici in pellet di alta qualit\u00e0 con l'estrusore per il riciclaggio della plastica certificato CE di JianTai. Dotato di servomotori avanzati, pellettizzazione a filo d'acqua e configurazioni personalizzabili, garantisce un riciclaggio efficiente ed ecologico con prestazioni affidabili.<\/p>","protected":false},"featured_media":1086,"comment_status":"open","ping_status":"closed","template":"","meta":{"_gspb_post_css":"","rank_math_lock_modified_date":false},"product_brand":[],"product_cat":[15],"product_tag":[],"class_list":{"0":"post-1793","1":"product","2":"type-product","3":"status-publish","4":"has-post-thumbnail","6":"product_cat-plastic-recycling-machines","8":"first","9":"instock","10":"shipping-taxable","11":"purchasable","12":"product-type-variable"},"_links":{"self":[{"href":"https:\/\/jiantaimachine.com\/it\/wp-json\/wp\/v2\/product\/1793","targetHints":{"allow":["GET"]}}],"collection":[{"href":"https:\/\/jiantaimachine.com\/it\/wp-json\/wp\/v2\/product"}],"about":[{"href":"https:\/\/jiantaimachine.com\/it\/wp-json\/wp\/v2\/types\/product"}],"replies":[{"embeddable":true,"href":"https:\/\/jiantaimachine.com\/it\/wp-json\/wp\/v2\/comments?post=1793"}],"wp:featuredmedia":[{"embeddable":true,"href":"https:\/\/jiantaimachine.com\/it\/wp-json\/wp\/v2\/media\/1086"}],"wp:attachment":[{"href":"https:\/\/jiantaimachine.com\/it\/wp-json\/wp\/v2\/media?parent=1793"}],"wp:term":[{"taxonomy":"product_brand","embeddable":true,"href":"https:\/\/jiantaimachine.com\/it\/wp-json\/wp\/v2\/product_brand?post=1793"},{"taxonomy":"product_cat","embeddable":true,"href":"https:\/\/jiantaimachine.com\/it\/wp-json\/wp\/v2\/product_cat?post=1793"},{"taxonomy":"product_tag","embeddable":true,"href":"https:\/\/jiantaimachine.com\/it\/wp-json\/wp\/v2\/product_tag?post=1793"}],"curies":[{"name":"wp","href":"https:\/\/api.w.org\/{rel}","templated":true}]}}