{"id":1743,"date":"2024-11-17T05:14:46","date_gmt":"2024-11-17T05:14:46","guid":{"rendered":"https:\/\/jiantaimachine.com\/?post_type=product&#038;p=1743"},"modified":"2025-07-06T00:36:47","modified_gmt":"2025-07-06T00:36:47","slug":"macchina-per-il-riciclaggio-dei-pla","status":"publish","type":"product","link":"https:\/\/jiantaimachine.com\/it\/pla-recycling-machine\/","title":{"rendered":"Macchina per il riciclaggio del PLA"},"content":{"rendered":"<h2>Macchina per il riciclo del PLA: Rivoluzionare la lavorazione sostenibile della plastica<\/h2>\n<p>Il macchinario per il riciclaggio del PLA \u00e8 una soluzione innovativa per il riciclaggio e la rigenerazione dei materiali in acido polilattico (PLA). Costruita per trattare materiali di scarto come scarti di stampa 3D, imballaggi industriali o pellicole agricole, questa macchina li trasforma in pellet di PLA di alta qualit\u00e0. Offre una soluzione ai produttori che vogliono sfruttare appieno tutti i vantaggi che accompagnano le pratiche di tutela ambientale e rendono possibile lo sviluppo sostenibile.<\/p>\n<h2>Caratteristiche principali della macchina per il riciclaggio del PLA<\/h2>\n<h3>Tecnologia motoristica avanzata<\/h3>\n<p>La macchina \u00e8 dotata di un sistema ad alta efficienza <strong>servomotore<\/strong>che garantisce prestazioni costanti con un basso consumo energetico e un rumore operativo minimo. Questo garantisce un'elaborazione stabile ed efficiente anche in ambienti difficili.<\/p>\n<h3>Controllo intelligente della temperatura<\/h3>\n<p>Un sistema di controllo della temperatura all'avanguardia mantiene le condizioni ottimali durante il processo di riciclaggio. In questo modo si preservano le propriet\u00e0 uniche dei materiali PLA e si garantisce che il prodotto finale sia conforme a standard di alta qualit\u00e0.<\/p>\n<h3>Integrazione multifunzionale<\/h3>\n<p>La macchina per il riciclaggio del PLA combina lavaggio, triturazione, estrusione e pellettizzazione in un unico sistema ottimizzato. Questa funzionalit\u00e0 all-in-one riduce la necessit\u00e0 di apparecchiature aggiuntive, risparmiando spazio, tempo e costi di manodopera.<\/p>\n<h3>Design rispettoso dell'ambiente<\/h3>\n<p>Conforme a <strong>CE<\/strong> e <strong>ISO 9001<\/strong> La macchina funziona con emissioni minime, contribuendo a pratiche di produzione sostenibili e a un ambiente pi\u00f9 pulito.<\/p>\n<h3>Costruzione modulare<\/h3>\n<p>Il design modulare della macchina consente una facile installazione, manutenzione e scalabilit\u00e0. Si adatta perfettamente a diverse scale di produzione e rappresenta una scelta versatile per i produttori.<\/p>\n<h2>Punti salienti della tecnica<\/h2>\n<ul>\n<li><strong>Capacit\u00e0 di elaborazione<\/strong>: 200-500 kg\/h (personalizzabile in base alle esigenze specifiche).<\/li>\n<li><strong>Requisiti di potenza<\/strong>: 55 kW.<\/li>\n<li><strong>Sistema di estrusione<\/strong>: Un estrusore bivite per miscelare e fondere efficacemente i materiali PLA.<\/li>\n<li><strong>Sistema di raffreddamento<\/strong>: Raffreddamento ad acqua dei filamenti, ideale per mantenere l'integrit\u00e0 del PLA.<\/li>\n<li><strong>Sistema di controllo<\/strong>: Un'interfaccia basata su PLC con un touch screen di facile utilizzo per un funzionamento senza interruzioni.<\/li>\n<\/ul>\n<h2>Applicazioni della macchina di riciclaggio del PLA<\/h2>\n<h3>Riciclaggio industriale<\/h3>\n<p>La macchina elabora in modo efficiente gli scarti di industrie come la stampa 3D e l'imballaggio, convertendoli in pellet di PLA riutilizzabili per la produzione.<\/p>\n<h3>Uso agricolo<\/h3>\n<p>Tratta film biodegradabili utilizzati in agricoltura, riciclandoli in pellet per ulteriori applicazioni.<\/p>\n<h3>Produzione eco-compatibile<\/h3>\n<p>I pellet di PLA riciclati possono essere utilizzati per produrre imballaggi per alimenti e altri prodotti in plastica sostenibili, promuovendo un'economia circolare.<\/p>\n<h2>Perch\u00e9 scegliere la macchina per il riciclo del PLA?<\/h2>\n<h3>Competenza e innovazione<\/h3>\n<p>Progettata da professionisti del settore con una vasta esperienza nel riciclaggio della plastica, questa macchina affronta le sfide uniche della rigenerazione dei materiali PLA. La sua tecnologia all'avanguardia garantisce precisione, efficienza e affidabilit\u00e0.<\/p>\n<h3>Impegno per la sostenibilit\u00e0<\/h3>\n<p>La macchina \u00e8 una scelta eccellente per le aziende che intendono ridurre gli sprechi, promuovere il riciclaggio e allinearsi agli obiettivi di sostenibilit\u00e0 globale. Trasformando i rifiuti di PLA in risorse preziose, contribuisce a ridurre l'inquinamento da plastica e sostiene una produzione eco-consapevole.<\/p>\n<h3>Personalizzabile e scalabile<\/h3>\n<p>La configurazione flessibile rende la macchina per il riciclaggio del PLA adattabile a diverse esigenze di produzione, dalle operazioni su piccola scala agli impianti di produzione industriale.<\/p>\n<h2>Vantaggi del riciclo del PLA<\/h2>\n<h3>Vantaggi economici<\/h3>\n<p>Il riciclo dei rifiuti di PLA riduce i costi delle materie prime e crea pellet riciclati di alto valore, offrendo vantaggi finanziari ai produttori.<\/p>\n<h3>Impatto ambientale<\/h3>\n<p>Il riciclo riduce il volume dei rifiuti di plastica nelle discariche e contribuisce a ridurre l'impronta di carbonio associata alla produzione di plastica.<\/p>\n<h3>Efficienza operativa<\/h3>\n<p>La funzionalit\u00e0 integrata della macchina semplifica i processi di riciclaggio, offrendo una configurazione rapida e tempi di inattivit\u00e0 minimi per la massima produttivit\u00e0.<\/p>\n<p>La macchina per il riciclo del PLA \u00e8 un'innovazione per i produttori che desiderano abbracciare la sostenibilit\u00e0 e l'efficienza. Grazie alle sue caratteristiche avanzate, alla versatilit\u00e0 delle applicazioni e all'impegno per la responsabilit\u00e0 ambientale, offre un percorso affidabile verso una produzione pi\u00f9 ecologica e un'economia circolare.<\/p>","protected":false},"excerpt":{"rendered":"<p>La macchina per il riciclaggio del PLA converte efficacemente i rifiuti di PLA in pellet di alta qualit\u00e0. Dotata di una tecnologia avanzata, di un design ecologico e di un funzionamento semplificato, supporta la produzione sostenibile.<\/p>","protected":false},"featured_media":1755,"comment_status":"open","ping_status":"closed","template":"","meta":{"_gspb_post_css":"","rank_math_lock_modified_date":false},"product_brand":[],"product_cat":[15],"product_tag":[],"class_list":{"0":"post-1743","1":"product","2":"type-product","3":"status-publish","4":"has-post-thumbnail","6":"product_cat-plastic-recycling-machines","8":"first","9":"instock","10":"shipping-taxable","11":"purchasable","12":"product-type-variable"},"_links":{"self":[{"href":"https:\/\/jiantaimachine.com\/it\/wp-json\/wp\/v2\/product\/1743","targetHints":{"allow":["GET"]}}],"collection":[{"href":"https:\/\/jiantaimachine.com\/it\/wp-json\/wp\/v2\/product"}],"about":[{"href":"https:\/\/jiantaimachine.com\/it\/wp-json\/wp\/v2\/types\/product"}],"replies":[{"embeddable":true,"href":"https:\/\/jiantaimachine.com\/it\/wp-json\/wp\/v2\/comments?post=1743"}],"wp:featuredmedia":[{"embeddable":true,"href":"https:\/\/jiantaimachine.com\/it\/wp-json\/wp\/v2\/media\/1755"}],"wp:attachment":[{"href":"https:\/\/jiantaimachine.com\/it\/wp-json\/wp\/v2\/media?parent=1743"}],"wp:term":[{"taxonomy":"product_brand","embeddable":true,"href":"https:\/\/jiantaimachine.com\/it\/wp-json\/wp\/v2\/product_brand?post=1743"},{"taxonomy":"product_cat","embeddable":true,"href":"https:\/\/jiantaimachine.com\/it\/wp-json\/wp\/v2\/product_cat?post=1743"},{"taxonomy":"product_tag","embeddable":true,"href":"https:\/\/jiantaimachine.com\/it\/wp-json\/wp\/v2\/product_tag?post=1743"}],"curies":[{"name":"wp","href":"https:\/\/api.w.org\/{rel}","templated":true}]}}