{"id":3251,"date":"2025-04-08T05:25:49","date_gmt":"2025-04-08T05:25:49","guid":{"rendered":"https:\/\/jiantaimachine.com\/?post_type=product&#038;p=3251"},"modified":"2025-07-06T00:36:39","modified_gmt":"2025-07-06T00:36:39","slug":"maquina-recicladora-de-plasticos-respetuosa-con-el-medio-ambiente","status":"publish","type":"product","link":"https:\/\/jiantaimachine.com\/es\/environmentally-friendly-plastic-recycling-machine\/","title":{"rendered":"M\u00e1quina de reciclaje de pl\u00e1stico respetuosa con el medio ambiente"},"content":{"rendered":"<p>La m\u00e1quina de reciclaje de pl\u00e1sticos respetuosa con el medio ambiente representa un sistema sofisticado con una eficiencia excepcional dise\u00f1ado para reducir la contaminaci\u00f3n por pl\u00e1sticos y promover la recuperaci\u00f3n sostenible de recursos. Esta m\u00e1quina funciona en centros de reciclaje, plantas de fabricaci\u00f3n, programas municipales de residuos y proyectos medioambientales para convertir pl\u00e1sticos usados en materias primas reutilizables con un impacto medioambiental m\u00ednimo.<\/p>\n<p>Gracias a la integraci\u00f3n de tecnolog\u00eda avanzada y sistemas inteligentes, esta m\u00e1quina procesa una amplia gama de pl\u00e1sticos como PET, HDPE, LDPE, PP y PS. Esta m\u00e1quina ofrece una respuesta \u00f3ptima y respetuosa con el medio ambiente a las empresas que desean reducir sus emisiones de carbono y a los empresarios que desean establecer una empresa de reciclaje sostenible.<\/p>\n<h2>Caracter\u00edsticas de nuestra m\u00e1quina recicladora de pl\u00e1stico ecol\u00f3gica<\/h2>\n<ul>\n<li class=\"\" data-start=\"1211\" data-end=\"1355\">\n<p class=\"\" data-start=\"1213\" data-end=\"1355\"><strong data-start=\"1213\" data-end=\"1252\">Sistema inteligente de identificaci\u00f3n de pl\u00e1sticos<\/strong><br data-start=\"1252\" data-end=\"1255\" \/>El sistema identifica y clasifica los distintos tipos de pl\u00e1stico para mejorar la precisi\u00f3n y la eficacia del reciclado.<\/p>\n<\/li>\n<li class=\"\" data-start=\"1357\" data-end=\"1538\">\n<p class=\"\" data-start=\"1359\" data-end=\"1538\"><strong data-start=\"1359\" data-end=\"1397\">Trituraci\u00f3n y lavado de alta eficacia<\/strong><br data-start=\"1397\" data-end=\"1400\" \/>La combinaci\u00f3n de sistemas de trituraci\u00f3n integrados con tecnolog\u00edas de lavado en fr\u00edo y en caliente garantiza que los residuos pl\u00e1sticos se sometan a procesos de limpieza exhaustivos que mejoran la calidad del material reciclado.<\/p>\n<\/li>\n<li class=\"\" data-start=\"1540\" data-end=\"1700\">\n<p class=\"\" data-start=\"1542\" data-end=\"1700\"><strong data-start=\"1542\" data-end=\"1584\">Dise\u00f1o ecol\u00f3gico y energ\u00e9ticamente eficiente<\/strong><br data-start=\"1584\" data-end=\"1587\" \/>Equipadas con motores de bajo consumo y tecnolog\u00eda de reciclaje de agua para reducir el consumo de energ\u00eda y los vertidos de residuos.<\/p>\n<\/li>\n<li class=\"\" data-start=\"1702\" data-end=\"1875\">\n<p class=\"\" data-start=\"1704\" data-end=\"1875\"><strong data-start=\"1704\" data-end=\"1736\">Estructura modular y escalable<\/strong><br data-start=\"1736\" data-end=\"1739\" \/>Desde las peque\u00f1as empresas hasta las grandes operaciones industriales pueden utilizar sistemas de dise\u00f1o personalizables. El sistema permite actualizaciones y ampliaciones sencillas para adaptarse a la creciente demanda de reciclaje.<\/p>\n<\/li>\n<li class=\"\" data-start=\"1877\" data-end=\"2013\">\n<p class=\"\" data-start=\"1879\" data-end=\"2013\"><strong data-start=\"1879\" data-end=\"1906\">Interfaz f\u00e1cil de usar<\/strong><br data-start=\"1906\" data-end=\"1909\" \/>Panel de control con pantalla t\u00e1ctil y soporte multiling\u00fce para facilitar el manejo, la supervisi\u00f3n y el mantenimiento.<\/p>\n<\/li>\n<li class=\"\" data-start=\"2015\" data-end=\"2161\">\n<p class=\"\" data-start=\"2017\" data-end=\"2161\"><strong data-start=\"2017\" data-end=\"2057\">Construcci\u00f3n duradera de acero inoxidable<\/strong><br data-start=\"2057\" data-end=\"2060\" \/>Fabricados para durar en entornos dif\u00edciles con materiales anticorrosi\u00f3n y bajos requisitos de mantenimiento.<\/p>\n<\/li>\n<\/ul>\n<h2>\u00bfPor qu\u00e9 elegir nuestra m\u00e1quina de reciclaje de pl\u00e1stico?<\/h2>\n<ul>\n<li class=\"\" data-start=\"2218\" data-end=\"2341\">\n<p class=\"\" data-start=\"2220\" data-end=\"2341\"><strong data-start=\"2220\" data-end=\"2254\">Reducir la contaminaci\u00f3n por residuos pl\u00e1sticos<\/strong><br data-start=\"2254\" data-end=\"2257\" \/>Convierta los residuos pl\u00e1sticos en pellets o copos reutilizables de alta calidad para la fabricaci\u00f3n.<\/p>\n<\/li>\n<li class=\"\" data-start=\"2343\" data-end=\"2469\">\n<p class=\"\" data-start=\"2345\" data-end=\"2469\"><strong data-start=\"2345\" data-end=\"2392\">Cumplir las normas mundiales de sostenibilidad<\/strong><br data-start=\"2392\" data-end=\"2395\" \/>Cumplen las normas de la UE, la CE y otras normas medioambientales internacionales.<\/p>\n<\/li>\n<li class=\"\" data-start=\"2471\" data-end=\"2599\">\n<p class=\"\" data-start=\"2473\" data-end=\"2599\"><strong data-start=\"2473\" data-end=\"2509\">Impulsar la imagen de sostenibilidad de la marca<\/strong><br data-start=\"2509\" data-end=\"2512\" \/>Demuestre a sus clientes y partes interesadas su compromiso con la responsabilidad medioambiental.<\/p>\n<\/li>\n<li class=\"\" data-start=\"2601\" data-end=\"2719\">\n<p class=\"\" data-start=\"2603\" data-end=\"2719\"><strong data-start=\"2603\" data-end=\"2629\">Rendimiento basado en la rentabilidad<\/strong><br data-start=\"2629\" data-end=\"2632\" \/>Dise\u00f1ado para un funcionamiento rentable, reduciendo los gastos de mano de obra y servicios p\u00fablicos a lo largo del tiempo.<\/p>\n<\/li>\n<\/ul>\n<h3>Especificaciones t\u00e9cnicas de nuestras m\u00e1quinas recicladoras de pl\u00e1stico (ejemplo)<\/h3>\n<table style=\"height: 204px;\" width=\"668\" data-start=\"2769\" data-end=\"3048\">\n<thead data-start=\"2769\" data-end=\"2790\">\n<tr data-start=\"2769\" data-end=\"2790\">\n<th data-start=\"2769\" data-end=\"2781\">Par\u00e1metro<\/th>\n<th data-start=\"2781\" data-end=\"2790\">Valor<\/th>\n<\/tr>\n<\/thead>\n<tbody data-start=\"2812\" data-end=\"3048\">\n<tr data-start=\"2812\" data-end=\"2859\">\n<td>Consumo de energ\u00eda<\/td>\n<td>15-75 kW (personalizable)<\/td>\n<\/tr>\n<tr data-start=\"2860\" data-end=\"2888\">\n<td>Capacidad<\/td>\n<td>300-2000 kg\/h<\/td>\n<\/tr>\n<tr data-start=\"2889\" data-end=\"2937\">\n<td>Material admitido<\/td>\n<td>PET, HDPE, LDPE, PP, PS<\/td>\n<\/tr>\n<tr data-start=\"2938\" data-end=\"2970\">\n<td>Tasa de reciclaje del agua<\/td>\n<td>\u2265 90%<\/td>\n<\/tr>\n<tr data-start=\"2971\" data-end=\"3007\">\n<td>Sistema de control<\/td>\n<td>Pantalla t\u00e1ctil PLC<\/td>\n<\/tr>\n<tr data-start=\"3008\" data-end=\"3048\">\n<td>Tensi\u00f3n<\/td>\n<td>380V \/ 50Hz (personalizable)<\/td>\n<\/tr>\n<\/tbody>\n<\/table>","protected":false},"excerpt":{"rendered":"<p>Recicle de forma eficiente PET, HDPE, PP y mucho m\u00e1s con nuestra m\u00e1quina de reciclaje de pl\u00e1stico sostenible que ahorra energ\u00eda, dise\u00f1ada para reducir los residuos y apoyar una econom\u00eda circular.<\/p>","protected":false},"featured_media":1086,"comment_status":"open","ping_status":"closed","template":"","meta":{"_gspb_post_css":"","rank_math_lock_modified_date":false},"product_brand":[],"product_cat":[15],"product_tag":[],"class_list":{"0":"post-3251","1":"product","2":"type-product","3":"status-publish","4":"has-post-thumbnail","6":"product_cat-plastic-recycling-machines","8":"first","9":"instock","10":"shipping-taxable","11":"purchasable","12":"product-type-variable"},"_links":{"self":[{"href":"https:\/\/jiantaimachine.com\/es\/wp-json\/wp\/v2\/product\/3251","targetHints":{"allow":["GET"]}}],"collection":[{"href":"https:\/\/jiantaimachine.com\/es\/wp-json\/wp\/v2\/product"}],"about":[{"href":"https:\/\/jiantaimachine.com\/es\/wp-json\/wp\/v2\/types\/product"}],"replies":[{"embeddable":true,"href":"https:\/\/jiantaimachine.com\/es\/wp-json\/wp\/v2\/comments?post=3251"}],"wp:featuredmedia":[{"embeddable":true,"href":"https:\/\/jiantaimachine.com\/es\/wp-json\/wp\/v2\/media\/1086"}],"wp:attachment":[{"href":"https:\/\/jiantaimachine.com\/es\/wp-json\/wp\/v2\/media?parent=3251"}],"wp:term":[{"taxonomy":"product_brand","embeddable":true,"href":"https:\/\/jiantaimachine.com\/es\/wp-json\/wp\/v2\/product_brand?post=3251"},{"taxonomy":"product_cat","embeddable":true,"href":"https:\/\/jiantaimachine.com\/es\/wp-json\/wp\/v2\/product_cat?post=3251"},{"taxonomy":"product_tag","embeddable":true,"href":"https:\/\/jiantaimachine.com\/es\/wp-json\/wp\/v2\/product_tag?post=3251"}],"curies":[{"name":"wp","href":"https:\/\/api.w.org\/{rel}","templated":true}]}}