{"id":2177,"date":"2024-12-14T08:57:20","date_gmt":"2024-12-14T08:57:20","guid":{"rendered":"https:\/\/jiantaimachine.com\/?post_type=product&#038;p=2177"},"modified":"2025-07-06T00:36:16","modified_gmt":"2025-07-06T00:36:16","slug":"linea-de-produccion-de-residuos-plasticos","status":"publish","type":"product","link":"https:\/\/jiantaimachine.com\/es\/plastic-waste-production-line\/","title":{"rendered":"L\u00ednea de producci\u00f3n de residuos pl\u00e1sticos"},"content":{"rendered":"<p>En <strong>M\u00e1quina JianTai<\/strong>ofrecemos un <em>L\u00ednea de producci\u00f3n de residuos pl\u00e1sticos<\/em> dise\u00f1adas para transformar los residuos pl\u00e1sticos en valiosos pellets reciclados de forma eficiente y sostenible. Nuestras soluciones aprovechan la tecnolog\u00eda avanzada, garantizando una alta eficiencia, fiabilidad y responsabilidad medioambiental. Con casi dos d\u00e9cadas de experiencia en el sector, nuestro equipo de profesionales se dedica a ofrecer un rendimiento excepcional y una asistencia inigualable.<\/p>\n<h2>\u00bfPor qu\u00e9 elegir la l\u00ednea de producci\u00f3n de residuos pl\u00e1sticos de JianTai?<\/h2>\n<h3>Tecnolog\u00eda avanzada para resultados superiores<\/h3>\n<p>Nuestras l\u00edneas de producci\u00f3n de residuos pl\u00e1sticos est\u00e1n equipadas con los \u00faltimos sistemas de servomotores y la tecnolog\u00eda de extrusi\u00f3n m\u00e1s avanzada. Esto garantiza una alta capacidad de producci\u00f3n, una calidad constante y un bajo consumo de energ\u00eda. Nos centramos en <strong>procesos de granulaci\u00f3n de filamentos de agua<\/strong> para producir gr\u00e1nulos de pl\u00e1stico limpios y uniformes, listos para su reutilizaci\u00f3n en la fabricaci\u00f3n.<\/p>\n<h3>Experiencia en la que puede confiar<\/h3>\n<p>Fundada en <strong>2005<\/strong>JianTai Machine ha estado a la vanguardia de la industria del reciclaje de pl\u00e1stico. Estamos orgullosos de tener <strong>Certificaciones CE e ISO 9001<\/strong>demostrando nuestro compromiso con las normas de calidad y seguridad. Nuestros cualificados ingenieros ofrecen asistencia integral, que incluye la instalaci\u00f3n, la puesta en marcha y la formaci\u00f3n, para garantizar un funcionamiento perfecto.<\/p>\n<h2>Caracter\u00edsticas principales de nuestra l\u00ednea de producci\u00f3n de residuos pl\u00e1sticos<\/h2>\n<h3>1. Sistema de extrusi\u00f3n eficiente<\/h3>\n<p>Nuestros sistemas de extrusi\u00f3n est\u00e1n dise\u00f1ados para procesar una amplia gama de materiales pl\u00e1sticos, entre los que se incluyen <strong>HDPE, LDPE, PP y m\u00e1s<\/strong>. El uso de servomotores proporciona:<\/p>\n<ul>\n<li><strong>Control de precisi\u00f3n:<\/strong> Mayor precisi\u00f3n y coherencia en la producci\u00f3n.<\/li>\n<li><strong>Ahorro de energ\u00eda:<\/strong> Menor consumo de energ\u00eda sin comprometer el rendimiento.<\/li>\n<li><strong>Durabilidad:<\/strong> Dise\u00f1o robusto para soportar operaciones continuas de alta carga.<\/li>\n<\/ul>\n<h3>2. Tecnolog\u00eda de peletizaci\u00f3n de filamentos de agua<\/h3>\n<p>Nuestro proceso de granulaci\u00f3n con filamentos de agua ofrece un m\u00e9todo eficaz para transformar los residuos pl\u00e1sticos en pellets. Este m\u00e9todo garantiza:<\/p>\n<ul>\n<li><strong>Pellets de alta calidad:<\/strong> Pellets limpios y uniformes aptos para su posterior procesamiento.<\/li>\n<li><strong>Reducci\u00f3n del tiempo de inactividad:<\/strong> Funcionamiento suave con un m\u00ednimo de atascos o interrupciones.<\/li>\n<li><strong>F\u00e1cil mantenimiento:<\/strong> Procedimientos de limpieza y mantenimiento simplificados.<\/li>\n<\/ul>\n<h3>3. Soluciones personalizables<\/h3>\n<p>Cada empresa tiene sus propias necesidades de reciclaje. En JianTai, ofrecemos <strong>configuraciones personalizadas de l\u00edneas de producci\u00f3n<\/strong> adaptadas a su tipo de material, requisitos de capacidad y objetivos operativos. Nuestras soluciones flexibles le garantizan el mejor rendimiento para su inversi\u00f3n.<\/p>\n<h2>Apoyo y servicios integrales<\/h2>\n<h3>Instalaci\u00f3n y puesta en marcha<\/h3>\n<p>Ofrecemos <strong>instalaci\u00f3n y puesta en marcha in situ<\/strong> para garantizar que su l\u00ednea de producci\u00f3n funcione sin problemas. Nuestros ingenieros le guiar\u00e1n a lo largo de todo el proceso, asegur\u00e1ndose de que cada componente est\u00e9 perfectamente calibrado para un rendimiento \u00f3ptimo.<\/p>\n<h3>Formaci\u00f3n y asistencia t\u00e9cnica<\/h3>\n<p>Ofrecemos <strong>programas integrales de formaci\u00f3n<\/strong> para su personal, que cubren el funcionamiento, los procedimientos de seguridad y el mantenimiento rutinario. Adem\u00e1s, nuestro equipo est\u00e1 siempre disponible para <strong>asistencia t\u00e9cnica a distancia<\/strong> para solucionar cualquier problema que surja.<\/p>\n<h3>Servicio posventa y garant\u00eda<\/h3>\n<p>Nuestras l\u00edneas de producci\u00f3n de residuos pl\u00e1sticos <strong>un a\u00f1o de garant\u00eda<\/strong>que cubren los componentes y piezas clave. Tambi\u00e9n ofrecemos servicios de mantenimiento continuo y opciones de sustituci\u00f3n r\u00e1pida para minimizar el tiempo de inactividad y mantener sus operaciones en funcionamiento de forma eficiente.<\/p>\n<h2>Responsabilidad medioambiental<\/h2>\n<p>En JianTai Machine, creemos en la fabricaci\u00f3n sostenible. Nuestras l\u00edneas de producci\u00f3n de residuos pl\u00e1sticos ayudan a las empresas a reducir la contaminaci\u00f3n por pl\u00e1sticos convirtiendo los residuos en recursos valiosos. Al invertir en nuestra tecnolog\u00eda, usted contribuye a un <strong>econom\u00eda circular<\/strong> y un planeta m\u00e1s sano.<\/p>\n<h3>P\u00f3ngase en contacto con JianTai Machine hoy mismo<\/h3>\n<p>\u00bfEst\u00e1 listo para mejorar su capacidad de reciclaje de pl\u00e1sticos? P\u00f3ngase en contacto con nosotros para obtener m\u00e1s informaci\u00f3n sobre <strong>L\u00ednea de producci\u00f3n de residuos pl\u00e1sticos<\/strong> soluciones.<\/p>\n<ul>\n<li><strong>P\u00e1gina web:<\/strong> <a href=\"https:\/\/jiantaimachine.com\/es\/\" target=\"_new\" rel=\"noopener\">www.jiantaimachine.com<\/a><\/li>\n<li><strong>Correo electr\u00f3nico:<\/strong> <a rel=\"noopener\">ding@jiantaimachine.com<\/a><\/li>\n<li><strong>Tel\u00e9fono:<\/strong> +86 17788500040<\/li>\n<li><strong>Direcci\u00f3n:<\/strong> No. 3 Building, Wanyang Zhongchuang City, Langxia Street, Yuyao, Zhejiang, China<\/li>\n<\/ul>\n<p>Trabajemos juntos para que el reciclado de pl\u00e1sticos sea eficiente, fiable y sostenible.<\/p>","protected":false},"excerpt":{"rendered":"<p><strong>L\u00ednea de producci\u00f3n de residuos pl\u00e1sticos<\/strong> de JianTai Machine es una soluci\u00f3n de alta eficiencia para transformar residuos pl\u00e1sticos en pellets reciclados de alta calidad. Equipada con servomotores avanzados, tecnolog\u00eda de peletizaci\u00f3n por filamento de agua y configuraciones personalizables, garantiza precisi\u00f3n, ahorro de energ\u00eda y durabilidad. Respaldada por las certificaciones CE e ISO 9001, ofrecemos servicios de instalaci\u00f3n, formaci\u00f3n y un a\u00f1o de garant\u00eda. Ideal para empresas comprometidas con el reciclaje sostenible y las operaciones eficientes.<\/p>","protected":false},"featured_media":1086,"comment_status":"open","ping_status":"closed","template":"","meta":{"_gspb_post_css":"","rank_math_lock_modified_date":false},"product_brand":[],"product_cat":[15],"product_tag":[],"class_list":{"0":"post-2177","1":"product","2":"type-product","3":"status-publish","4":"has-post-thumbnail","6":"product_cat-plastic-recycling-machines","8":"first","9":"instock","10":"shipping-taxable","11":"purchasable","12":"product-type-variable"},"_links":{"self":[{"href":"https:\/\/jiantaimachine.com\/es\/wp-json\/wp\/v2\/product\/2177","targetHints":{"allow":["GET"]}}],"collection":[{"href":"https:\/\/jiantaimachine.com\/es\/wp-json\/wp\/v2\/product"}],"about":[{"href":"https:\/\/jiantaimachine.com\/es\/wp-json\/wp\/v2\/types\/product"}],"replies":[{"embeddable":true,"href":"https:\/\/jiantaimachine.com\/es\/wp-json\/wp\/v2\/comments?post=2177"}],"wp:featuredmedia":[{"embeddable":true,"href":"https:\/\/jiantaimachine.com\/es\/wp-json\/wp\/v2\/media\/1086"}],"wp:attachment":[{"href":"https:\/\/jiantaimachine.com\/es\/wp-json\/wp\/v2\/media?parent=2177"}],"wp:term":[{"taxonomy":"product_brand","embeddable":true,"href":"https:\/\/jiantaimachine.com\/es\/wp-json\/wp\/v2\/product_brand?post=2177"},{"taxonomy":"product_cat","embeddable":true,"href":"https:\/\/jiantaimachine.com\/es\/wp-json\/wp\/v2\/product_cat?post=2177"},{"taxonomy":"product_tag","embeddable":true,"href":"https:\/\/jiantaimachine.com\/es\/wp-json\/wp\/v2\/product_tag?post=2177"}],"curies":[{"name":"wp","href":"https:\/\/api.w.org\/{rel}","templated":true}]}}