{"id":1743,"date":"2024-11-17T05:14:46","date_gmt":"2024-11-17T05:14:46","guid":{"rendered":"https:\/\/jiantaimachine.com\/?post_type=product&#038;p=1743"},"modified":"2025-07-06T00:36:47","modified_gmt":"2025-07-06T00:36:47","slug":"maquina-de-reciclaje-pla","status":"publish","type":"product","link":"https:\/\/jiantaimachine.com\/es\/pla-recycling-machine\/","title":{"rendered":"M\u00e1quina de reciclaje de PLA"},"content":{"rendered":"<h2>M\u00e1quina de reciclaje de PLA: Revolucionando el procesamiento sostenible del pl\u00e1stico<\/h2>\n<p>La m\u00e1quina de reciclaje de PLA es una soluci\u00f3n innovadora para reciclar y regenerar materiales de \u00e1cido polil\u00e1ctico (PLA). Construida para procesar materiales de desecho como restos de impresi\u00f3n 3D, envases industriales o film agr\u00edcola, esta m\u00e1quina los transforma en pellets de PLA de alta calidad. Proporciona a los fabricantes una soluci\u00f3n que quiere aprovechar al m\u00e1ximo todas las ventajas que acompa\u00f1an a las pr\u00e1cticas de protecci\u00f3n del medio ambiente y hacen posible el desarrollo sostenible.<\/p>\n<h2>Caracter\u00edsticas principales de la m\u00e1quina de reciclaje de PLA<\/h2>\n<h3>Tecnolog\u00eda avanzada de motores<\/h3>\n<p>La m\u00e1quina est\u00e1 equipada con una <strong>servomotor<\/strong>que ofrece un rendimiento constante con un bajo consumo de energ\u00eda y un ruido de funcionamiento m\u00ednimo. Esto garantiza un procesamiento estable y eficiente incluso en entornos exigentes.<\/p>\n<h3>Control inteligente de la temperatura<\/h3>\n<p>Un sistema de control de temperatura de \u00faltima generaci\u00f3n mantiene unas condiciones \u00f3ptimas durante el proceso de reciclado. De este modo se conservan las propiedades \u00fanicas de los materiales de PLA y se garantiza que el producto final cumpla los est\u00e1ndares de alta calidad.<\/p>\n<h3>Integraci\u00f3n multifuncional<\/h3>\n<p>La recicladora de PLA combina lavado, trituraci\u00f3n, extrusi\u00f3n y granulado en un sistema racionalizado. Esta funcionalidad todo en uno reduce la necesidad de equipos adicionales, ahorrando espacio, tiempo y costes de mano de obra.<\/p>\n<h3>Dise\u00f1o respetuoso con el medio ambiente<\/h3>\n<p>Conforme con <strong>CE<\/strong> y <strong>ISO 9001<\/strong> la m\u00e1quina funciona con emisiones m\u00ednimas, lo que contribuye a unas pr\u00e1cticas de producci\u00f3n sostenibles y a un medio ambiente m\u00e1s limpio.<\/p>\n<h3>Construcci\u00f3n modular<\/h3>\n<p>El dise\u00f1o modular de la m\u00e1quina facilita la instalaci\u00f3n, el mantenimiento y la escalabilidad. Se adapta perfectamente a diferentes escalas de producci\u00f3n, lo que la convierte en una opci\u00f3n vers\u00e1til para los fabricantes.<\/p>\n<h2>Aspectos t\u00e9cnicos destacados<\/h2>\n<ul>\n<li><strong>Capacidad de procesamiento<\/strong>: 200-500 kg\/h (personalizable para adaptarse a necesidades espec\u00edficas).<\/li>\n<li><strong>Requisitos de potencia<\/strong>: 55 kW.<\/li>\n<li><strong>Sistema de extrusi\u00f3n<\/strong>: Una extrusora de doble husillo para mezclar y fundir eficazmente materiales de PLA.<\/li>\n<li><strong>Sistema de refrigeraci\u00f3n<\/strong>: Enfriamiento por filamentos de agua, ideal para mantener la integridad del PLA.<\/li>\n<li><strong>Sistema de control<\/strong>: Una interfaz basada en PLC con una pantalla t\u00e1ctil f\u00e1cil de usar para un funcionamiento sin problemas.<\/li>\n<\/ul>\n<h2>Aplicaciones de la m\u00e1quina de reciclaje de PLA<\/h2>\n<h3>Reciclaje industrial<\/h3>\n<p>La m\u00e1quina procesa eficazmente los residuos de industrias como la impresi\u00f3n 3D y el envasado, convirti\u00e9ndolos en pellets de PLA reutilizables para la fabricaci\u00f3n.<\/p>\n<h3>Uso agr\u00edcola<\/h3>\n<p>Manipula pel\u00edculas biodegradables utilizadas en la agricultura, recicl\u00e1ndolas en pellets para otras aplicaciones.<\/p>\n<h3>Fabricaci\u00f3n respetuosa con el medio ambiente<\/h3>\n<p>Los gr\u00e1nulos de PLA reciclado pueden utilizarse para fabricar envases alimentarios y otros productos de pl\u00e1stico sostenible, fomentando una econom\u00eda circular.<\/p>\n<h2>\u00bfPor qu\u00e9 elegir la m\u00e1quina de reciclaje de PLA?<\/h2>\n<h3>Experiencia e innovaci\u00f3n<\/h3>\n<p>Dise\u00f1ada por profesionales del sector con amplia experiencia en el reciclado de pl\u00e1sticos, esta m\u00e1quina aborda los retos \u00fanicos que plantea la regeneraci\u00f3n de materiales de PLA. Su tecnolog\u00eda de vanguardia garantiza precisi\u00f3n, eficiencia y fiabilidad.<\/p>\n<h3>Compromiso de sostenibilidad<\/h3>\n<p>La m\u00e1quina es una opci\u00f3n excelente para las empresas que pretenden reducir los residuos, promover el reciclaje y alinearse con los objetivos de sostenibilidad global. Al convertir los residuos de PLA en recursos valiosos, contribuye a reducir la contaminaci\u00f3n por pl\u00e1sticos y apoya la fabricaci\u00f3n respetuosa con el medio ambiente.<\/p>\n<h3>Personalizable y ampliable<\/h3>\n<p>La configuraci\u00f3n flexible hace que la m\u00e1quina de reciclaje de PLA se adapte a diversos requisitos de producci\u00f3n, desde operaciones a peque\u00f1a escala hasta configuraciones de fabricaci\u00f3n industrial.<\/p>\n<h2>Ventajas del reciclado de PLA<\/h2>\n<h3>Ventajas econ\u00f3micas<\/h3>\n<p>El reciclaje de los residuos de PLA reduce los costes de las materias primas al tiempo que crea pellets reciclados de alto valor, lo que supone ventajas econ\u00f3micas para los fabricantes.<\/p>\n<h3>Impacto medioambiental<\/h3>\n<p>El reciclaje disminuye el volumen de residuos pl\u00e1sticos en los vertederos y contribuye a reducir la huella de carbono asociada a la producci\u00f3n de pl\u00e1stico.<\/p>\n<h3>Eficiencia operativa<\/h3>\n<p>La funcionalidad integrada de la m\u00e1quina simplifica los procesos de reciclaje, ofreciendo una configuraci\u00f3n r\u00e1pida y un tiempo de inactividad m\u00ednimo para obtener la m\u00e1xima productividad.<\/p>\n<p>La m\u00e1quina de reciclaje de PLA cambia las reglas del juego para los fabricantes que buscan la sostenibilidad y la eficiencia. Con funciones avanzadas, aplicaciones vers\u00e1tiles y un compromiso con la responsabilidad medioambiental, ofrece un camino fiable hacia una producci\u00f3n m\u00e1s ecol\u00f3gica y una econom\u00eda circular.<\/p>","protected":false},"excerpt":{"rendered":"<p>La m\u00e1quina de reciclaje de PLA convierte eficazmente los residuos de PLA en pellets de alta calidad. Con una tecnolog\u00eda avanzada, un dise\u00f1o ecol\u00f3gico y un funcionamiento optimizado, favorece la fabricaci\u00f3n sostenible.<\/p>","protected":false},"featured_media":1755,"comment_status":"open","ping_status":"closed","template":"","meta":{"_gspb_post_css":"","rank_math_lock_modified_date":false},"product_brand":[],"product_cat":[15],"product_tag":[],"class_list":{"0":"post-1743","1":"product","2":"type-product","3":"status-publish","4":"has-post-thumbnail","6":"product_cat-plastic-recycling-machines","8":"first","9":"instock","10":"shipping-taxable","11":"purchasable","12":"product-type-variable"},"_links":{"self":[{"href":"https:\/\/jiantaimachine.com\/es\/wp-json\/wp\/v2\/product\/1743","targetHints":{"allow":["GET"]}}],"collection":[{"href":"https:\/\/jiantaimachine.com\/es\/wp-json\/wp\/v2\/product"}],"about":[{"href":"https:\/\/jiantaimachine.com\/es\/wp-json\/wp\/v2\/types\/product"}],"replies":[{"embeddable":true,"href":"https:\/\/jiantaimachine.com\/es\/wp-json\/wp\/v2\/comments?post=1743"}],"wp:featuredmedia":[{"embeddable":true,"href":"https:\/\/jiantaimachine.com\/es\/wp-json\/wp\/v2\/media\/1755"}],"wp:attachment":[{"href":"https:\/\/jiantaimachine.com\/es\/wp-json\/wp\/v2\/media?parent=1743"}],"wp:term":[{"taxonomy":"product_brand","embeddable":true,"href":"https:\/\/jiantaimachine.com\/es\/wp-json\/wp\/v2\/product_brand?post=1743"},{"taxonomy":"product_cat","embeddable":true,"href":"https:\/\/jiantaimachine.com\/es\/wp-json\/wp\/v2\/product_cat?post=1743"},{"taxonomy":"product_tag","embeddable":true,"href":"https:\/\/jiantaimachine.com\/es\/wp-json\/wp\/v2\/product_tag?post=1743"}],"curies":[{"name":"wp","href":"https:\/\/api.w.org\/{rel}","templated":true}]}}