{"id":1042,"date":"2024-11-13T19:53:50","date_gmt":"2024-11-13T19:53:50","guid":{"rendered":"https:\/\/jiantaimachine.com\/?post_type=product&#038;p=1042"},"modified":"2025-07-06T00:36:16","modified_gmt":"2025-07-06T00:36:16","slug":"recicladora-de-plastico-de-un-solo-tornillo","status":"publish","type":"product","link":"https:\/\/jiantaimachine.com\/es\/single-screw-plastic-recycling-machine\/","title":{"rendered":"M\u00e1quina recicladora de pl\u00e1stico de un tornillo"},"content":{"rendered":"<p>La m\u00e1quina recicladora de pl\u00e1stico de un solo tornillo de JianTai est\u00e1 dise\u00f1ada para procesar y reciclar de forma eficiente una amplia gama de materiales pl\u00e1sticos, incluyendo polietileno (PE), polipropileno (PP), poliestireno (PS) y m\u00e1s. Ideal para operaciones de reciclaje a peque\u00f1a y gran escala, esta m\u00e1quina ofrece una soluci\u00f3n rentable para convertir los residuos pl\u00e1sticos en valiosas materias primas.<\/p>\n<h3>Caracter\u00edsticas principales:<\/h3>\n<ol>\n<li><strong>Procesado eficaz de pl\u00e1sticos<\/strong>: El dise\u00f1o de un solo tornillo proporciona una extrusi\u00f3n de pl\u00e1stico suave y continua, lo que se traduce en una alta eficiencia y un tiempo de inactividad m\u00ednimo.<\/li>\n<li><strong>Ahorro de energ\u00eda<\/strong>: Equipada con tecnolog\u00eda avanzada de eficiencia energ\u00e9tica, esta m\u00e1quina reduce el consumo de energ\u00eda, lo que la convierte en una opci\u00f3n rentable y respetuosa con el medio ambiente.<\/li>\n<li><strong>Aplicaciones vers\u00e1tiles<\/strong>: Adecuado para procesar diversos tipos de pl\u00e1sticos, incluidos residuos postconsumo, restos de pl\u00e1sticos industriales y pel\u00edculas de pl\u00e1stico.<\/li>\n<li><strong>Salida personalizable<\/strong>: Ofrece flexibilidad en las especificaciones de salida, permitiendo a los usuarios ajustar la configuraci\u00f3n de la m\u00e1quina para diferentes productos pl\u00e1sticos o formas de materia prima.<\/li>\n<li><strong>Construcci\u00f3n duradera<\/strong>: Construido con materiales de alta calidad e ingenier\u00eda de precisi\u00f3n para garantizar un rendimiento duradero, incluso en funcionamiento continuo.<\/li>\n<li><strong>F\u00e1cil de manejar y mantener<\/strong>: Los sistemas de control f\u00e1ciles de usar simplifican el funcionamiento, mientras que las funciones de mantenimiento sencillo reducen el tiempo de inactividad y garantizan un rendimiento \u00f3ptimo.<\/li>\n<\/ol>\n<h3>Ventajas:<\/h3>\n<ul>\n<li><strong>Alto rendimiento<\/strong>: Capaz de procesar grandes cantidades de residuos pl\u00e1sticos r\u00e1pidamente, mejorando la productividad.<\/li>\n<li><strong>Rentable<\/strong>: Reduce los costes operativos con un uso m\u00ednimo de energ\u00eda y bajos requisitos de mantenimiento.<\/li>\n<li><strong>Sostenible<\/strong>: Ayuda a reducir los residuos pl\u00e1sticos y contribuye a una econom\u00eda circular reciclando materiales para convertirlos en recursos utilizables.<\/li>\n<li><strong>Dise\u00f1o compacto<\/strong>: Ocupa poco espacio y es f\u00e1cil de integrar en los sistemas de reciclaje existentes.<\/li>\n<\/ul>\n<h3>Aplicaciones:<\/h3>\n<ul>\n<li><strong>Reciclaje de pel\u00edculas de pl\u00e1stico<\/strong>: Ideal para reciclar pel\u00edculas de pl\u00e1stico y materiales flexibles.<\/li>\n<li><strong>Reciclaje de pl\u00e1stico postconsumo<\/strong>: Adecuado para convertir los residuos de consumo en valiosas materias primas.<\/li>\n<li><strong>Reciclaje industrial de pl\u00e1sticos<\/strong>: Eficaz en el tratamiento de residuos y restos de pl\u00e1sticos industriales.<\/li>\n<\/ul>\n<h3>\u00bfPor qu\u00e9 elegir la m\u00e1quina de reciclaje de pl\u00e1stico de un solo tornillo de JianTai?<\/h3>\n<p>La m\u00e1quina de reciclaje de pl\u00e1stico de un solo tornillo de JianTai ofrece una soluci\u00f3n fiable y de alto rendimiento para satisfacer la creciente demanda de reciclaje de pl\u00e1stico sostenible. Ya sea un peque\u00f1o reciclador o una operaci\u00f3n a gran escala, nuestras m\u00e1quinas est\u00e1n dise\u00f1adas para optimizar la eficiencia, reducir el impacto ambiental y entregar materiales reciclados de alta calidad para su reutilizaci\u00f3n.<\/p>\n<p>Para obtener m\u00e1s informaci\u00f3n o solicitar un presupuesto, p\u00f3ngase en contacto con nosotros hoy mismo.<\/p>","protected":false},"excerpt":{"rendered":"<p>La m\u00e1quina de reciclaje de pl\u00e1stico de un solo tornillo de JianTai procesa eficazmente varios pl\u00e1sticos, incluidos PE, PP y PS, convirtiendo los residuos en valiosas materias primas. Con tecnolog\u00eda de ahorro de energ\u00eda, alto rendimiento y bajo mantenimiento, es una soluci\u00f3n ideal para operaciones de reciclaje a peque\u00f1a y gran escala, contribuyendo a una econom\u00eda circular sostenible.<\/p>","protected":false},"featured_media":1086,"comment_status":"open","ping_status":"closed","template":"","meta":{"_gspb_post_css":"","rank_math_lock_modified_date":false},"product_brand":[],"product_cat":[15],"product_tag":[],"class_list":{"0":"post-1042","1":"product","2":"type-product","3":"status-publish","4":"has-post-thumbnail","6":"product_cat-plastic-recycling-machines","8":"first","9":"instock","10":"shipping-taxable","11":"purchasable","12":"product-type-variable"},"_links":{"self":[{"href":"https:\/\/jiantaimachine.com\/es\/wp-json\/wp\/v2\/product\/1042","targetHints":{"allow":["GET"]}}],"collection":[{"href":"https:\/\/jiantaimachine.com\/es\/wp-json\/wp\/v2\/product"}],"about":[{"href":"https:\/\/jiantaimachine.com\/es\/wp-json\/wp\/v2\/types\/product"}],"replies":[{"embeddable":true,"href":"https:\/\/jiantaimachine.com\/es\/wp-json\/wp\/v2\/comments?post=1042"}],"wp:featuredmedia":[{"embeddable":true,"href":"https:\/\/jiantaimachine.com\/es\/wp-json\/wp\/v2\/media\/1086"}],"wp:attachment":[{"href":"https:\/\/jiantaimachine.com\/es\/wp-json\/wp\/v2\/media?parent=1042"}],"wp:term":[{"taxonomy":"product_brand","embeddable":true,"href":"https:\/\/jiantaimachine.com\/es\/wp-json\/wp\/v2\/product_brand?post=1042"},{"taxonomy":"product_cat","embeddable":true,"href":"https:\/\/jiantaimachine.com\/es\/wp-json\/wp\/v2\/product_cat?post=1042"},{"taxonomy":"product_tag","embeddable":true,"href":"https:\/\/jiantaimachine.com\/es\/wp-json\/wp\/v2\/product_tag?post=1042"}],"curies":[{"name":"wp","href":"https:\/\/api.w.org\/{rel}","templated":true}]}}