{"id":3251,"date":"2025-04-08T05:25:49","date_gmt":"2025-04-08T05:25:49","guid":{"rendered":"https:\/\/jiantaimachine.com\/?post_type=product&#038;p=3251"},"modified":"2025-07-06T00:36:39","modified_gmt":"2025-07-06T00:36:39","slug":"umweltfreundliche-kunststoffrecyclingmaschine","status":"publish","type":"product","link":"https:\/\/jiantaimachine.com\/de\/environmentally-friendly-plastic-recycling-machine\/","title":{"rendered":"Umweltfreundliche Kunststoff-Recyclingmaschine"},"content":{"rendered":"<p>Die umweltfreundliche Kunststoffrecyclingmaschine ist ein hochentwickeltes System mit au\u00dfergew\u00f6hnlicher Effizienz, das die Verschmutzung durch Kunststoffe verringert und gleichzeitig die nachhaltige R\u00fcckgewinnung von Ressourcen f\u00f6rdert. Diese Maschine wird in Recyclingzentren, Produktionsst\u00e4tten, kommunalen Abfallprogrammen und Umweltprojekten eingesetzt, um gebrauchte Kunststoffe in wiederverwendbare Rohstoffe umzuwandeln und gleichzeitig die Umwelt so wenig wie m\u00f6glich zu belasten.<\/p>\n<p>Durch die Integration von fortschrittlicher Technologie und intelligenten Systemen verarbeitet diese Maschine eine breite Palette von Kunststoffen wie PET, HDPE, LDPE, PP und PS. Diese Maschine ist die optimale umweltfreundliche L\u00f6sung f\u00fcr Unternehmen, die ihre Kohlenstoffemissionen verringern wollen, und f\u00fcr Unternehmer, die ein nachhaltiges Recyclingunternehmen aufbauen m\u00f6chten.<\/p>\n<h2>Merkmale unserer umweltfreundlichen Kunststoff-Recycling-Maschine<\/h2>\n<ul>\n<li class=\"\" data-start=\"1211\" data-end=\"1355\">\n<p class=\"\" data-start=\"1213\" data-end=\"1355\"><strong data-start=\"1213\" data-end=\"1252\">Intelligentes Kunststoff-Identifikationssystem<\/strong><br data-start=\"1252\" data-end=\"1255\" \/>Das System identifiziert und kategorisiert verschiedene Kunststoffarten, um die Pr\u00e4zision und Effizienz des Recyclings zu verbessern.<\/p>\n<\/li>\n<li class=\"\" data-start=\"1357\" data-end=\"1538\">\n<p class=\"\" data-start=\"1359\" data-end=\"1538\"><strong data-start=\"1359\" data-end=\"1397\">Hocheffizientes Zerkleinern und Waschen<\/strong><br data-start=\"1397\" data-end=\"1400\" \/>Die Kombination von integrierten Zerkleinerungssystemen mit Hei\u00df- und Kaltwaschtechniken gew\u00e4hrleistet eine gr\u00fcndliche Reinigung der Kunststoffabf\u00e4lle, wodurch die Qualit\u00e4t des Recyclats verbessert wird.<\/p>\n<\/li>\n<li class=\"\" data-start=\"1540\" data-end=\"1700\">\n<p class=\"\" data-start=\"1542\" data-end=\"1700\"><strong data-start=\"1542\" data-end=\"1584\">Umweltfreundliches und energieeffizientes Design<\/strong><br data-start=\"1584\" data-end=\"1587\" \/>Ausgestattet mit Niedrigenergie-Motoren und Wasserrecycling-Technologie zur Reduzierung des Stromverbrauchs und der Abfallmenge.<\/p>\n<\/li>\n<li class=\"\" data-start=\"1702\" data-end=\"1875\">\n<p class=\"\" data-start=\"1704\" data-end=\"1875\"><strong data-start=\"1704\" data-end=\"1736\">Modularer und skalierbarer Aufbau<\/strong><br data-start=\"1736\" data-end=\"1739\" \/>Kleine Unternehmen bis hin zu gro\u00dfen Industriebetrieben k\u00f6nnen die anpassbaren Designsysteme nutzen. Das System erm\u00f6glicht unkomplizierte Upgrades und Erweiterungen, um steigenden Recyclinganforderungen gerecht zu werden.<\/p>\n<\/li>\n<li class=\"\" data-start=\"1877\" data-end=\"2013\">\n<p class=\"\" data-start=\"1879\" data-end=\"2013\"><strong data-start=\"1879\" data-end=\"1906\">Benutzerfreundliches Interface<\/strong><br data-start=\"1906\" data-end=\"1909\" \/>Touchscreen-Bedienfeld mit mehrsprachiger Unterst\u00fctzung f\u00fcr einfache Bedienung, \u00dcberwachung und Wartung.<\/p>\n<\/li>\n<li class=\"\" data-start=\"2015\" data-end=\"2161\">\n<p class=\"\" data-start=\"2017\" data-end=\"2161\"><strong data-start=\"2017\" data-end=\"2057\">Langlebige Konstruktion aus rostfreiem Stahl<\/strong><br data-start=\"2057\" data-end=\"2060\" \/>Dank korrosionsbest\u00e4ndiger Materialien und geringem Wartungsaufwand sind sie f\u00fcr den Einsatz in rauen Umgebungen geeignet.<\/p>\n<\/li>\n<\/ul>\n<h2>Warum sollten Sie sich f\u00fcr unsere Kunststoffrecyclingmaschine entscheiden?<\/h2>\n<ul>\n<li class=\"\" data-start=\"2218\" data-end=\"2341\">\n<p class=\"\" data-start=\"2220\" data-end=\"2341\"><strong data-start=\"2220\" data-end=\"2254\">Verringerung der Verschmutzung durch Plastikm\u00fcll<\/strong><br data-start=\"2254\" data-end=\"2257\" \/>Verwandeln Sie Kunststoffabf\u00e4lle in hochwertige wiederverwendbare Pellets oder Flocken f\u00fcr die Produktion.<\/p>\n<\/li>\n<li class=\"\" data-start=\"2343\" data-end=\"2469\">\n<p class=\"\" data-start=\"2345\" data-end=\"2469\"><strong data-start=\"2345\" data-end=\"2392\">Einhaltung der globalen Nachhaltigkeitsstandards<\/strong><br data-start=\"2392\" data-end=\"2395\" \/>Sie erf\u00fcllen die EU-, CE- und andere internationale Umweltnormen.<\/p>\n<\/li>\n<li class=\"\" data-start=\"2471\" data-end=\"2599\">\n<p class=\"\" data-start=\"2473\" data-end=\"2599\"><strong data-start=\"2473\" data-end=\"2509\">Image der Marken-Nachhaltigkeit st\u00e4rken<\/strong><br data-start=\"2509\" data-end=\"2512\" \/>Zeigen Sie Ihren Kunden und Stakeholdern Ihr Engagement f\u00fcr den Umweltschutz.<\/p>\n<\/li>\n<li class=\"\" data-start=\"2601\" data-end=\"2719\">\n<p class=\"\" data-start=\"2603\" data-end=\"2719\"><strong data-start=\"2603\" data-end=\"2629\">ROI-gesteuerte Leistung<\/strong><br data-start=\"2629\" data-end=\"2632\" \/>Entwickelt f\u00fcr einen kosteneffizienten Betrieb, der die Arbeits- und Betriebskosten im Laufe der Zeit reduziert.<\/p>\n<\/li>\n<\/ul>\n<h3>Technische Daten unserer Kunststoffrecyclingmaschinen (Beispiel)<\/h3>\n<table style=\"height: 204px;\" width=\"668\" data-start=\"2769\" data-end=\"3048\">\n<thead data-start=\"2769\" data-end=\"2790\">\n<tr data-start=\"2769\" data-end=\"2790\">\n<th data-start=\"2769\" data-end=\"2781\">Parameter<\/th>\n<th data-start=\"2781\" data-end=\"2790\">Wert<\/th>\n<\/tr>\n<\/thead>\n<tbody data-start=\"2812\" data-end=\"3048\">\n<tr data-start=\"2812\" data-end=\"2859\">\n<td>Stromverbrauch<\/td>\n<td>15-75 kW (anpassbar)<\/td>\n<\/tr>\n<tr data-start=\"2860\" data-end=\"2888\">\n<td>Kapazit\u00e4t<\/td>\n<td>300-2000 kg\/h<\/td>\n<\/tr>\n<tr data-start=\"2889\" data-end=\"2937\">\n<td>Unterst\u00fctztes Material<\/td>\n<td>PET, HDPE, LDPE, PP, PS<\/td>\n<\/tr>\n<tr data-start=\"2938\" data-end=\"2970\">\n<td>Wasser-Recyclingrate<\/td>\n<td>\u2265 90%<\/td>\n<\/tr>\n<tr data-start=\"2971\" data-end=\"3007\">\n<td>Kontrollsystem<\/td>\n<td>PLC Touchscreen<\/td>\n<\/tr>\n<tr data-start=\"3008\" data-end=\"3048\">\n<td>Spannung<\/td>\n<td>380V \/ 50Hz (anpassbar)<\/td>\n<\/tr>\n<\/tbody>\n<\/table>","protected":false},"excerpt":{"rendered":"<p>Recyceln Sie PET, HDPE, PP und mehr effizient mit unserer nachhaltigen, energiesparenden Kunststoffrecyclingmaschine - entwickelt, um Abfall zu reduzieren und eine Kreislaufwirtschaft zu unterst\u00fctzen.<\/p>","protected":false},"featured_media":1086,"comment_status":"open","ping_status":"closed","template":"","meta":{"_gspb_post_css":"","rank_math_lock_modified_date":false},"product_brand":[],"product_cat":[15],"product_tag":[],"class_list":{"0":"post-3251","1":"product","2":"type-product","3":"status-publish","4":"has-post-thumbnail","6":"product_cat-plastic-recycling-machines","8":"first","9":"instock","10":"shipping-taxable","11":"purchasable","12":"product-type-variable"},"_links":{"self":[{"href":"https:\/\/jiantaimachine.com\/de\/wp-json\/wp\/v2\/product\/3251","targetHints":{"allow":["GET"]}}],"collection":[{"href":"https:\/\/jiantaimachine.com\/de\/wp-json\/wp\/v2\/product"}],"about":[{"href":"https:\/\/jiantaimachine.com\/de\/wp-json\/wp\/v2\/types\/product"}],"replies":[{"embeddable":true,"href":"https:\/\/jiantaimachine.com\/de\/wp-json\/wp\/v2\/comments?post=3251"}],"wp:featuredmedia":[{"embeddable":true,"href":"https:\/\/jiantaimachine.com\/de\/wp-json\/wp\/v2\/media\/1086"}],"wp:attachment":[{"href":"https:\/\/jiantaimachine.com\/de\/wp-json\/wp\/v2\/media?parent=3251"}],"wp:term":[{"taxonomy":"product_brand","embeddable":true,"href":"https:\/\/jiantaimachine.com\/de\/wp-json\/wp\/v2\/product_brand?post=3251"},{"taxonomy":"product_cat","embeddable":true,"href":"https:\/\/jiantaimachine.com\/de\/wp-json\/wp\/v2\/product_cat?post=3251"},{"taxonomy":"product_tag","embeddable":true,"href":"https:\/\/jiantaimachine.com\/de\/wp-json\/wp\/v2\/product_tag?post=3251"}],"curies":[{"name":"wp","href":"https:\/\/api.w.org\/{rel}","templated":true}]}}