{"id":2177,"date":"2024-12-14T08:57:20","date_gmt":"2024-12-14T08:57:20","guid":{"rendered":"https:\/\/jiantaimachine.com\/?post_type=product&#038;p=2177"},"modified":"2025-07-06T00:36:16","modified_gmt":"2025-07-06T00:36:16","slug":"produktionslinie-fur-kunststoffabfalle","status":"publish","type":"product","link":"https:\/\/jiantaimachine.com\/de\/plastic-waste-production-line\/","title":{"rendered":"Produktionslinie f\u00fcr Kunststoffabf\u00e4lle"},"content":{"rendered":"<p>Unter <strong>JianTai-Maschine<\/strong>bieten wir eine hochmoderne <em>Produktionslinie f\u00fcr Kunststoffabf\u00e4lle<\/em> zur effizienten und nachhaltigen Umwandlung von Kunststoffabf\u00e4llen in wertvolle recycelte Pellets. Unsere L\u00f6sungen nutzen fortschrittliche Technologien und gew\u00e4hrleisten hohe Effizienz, Zuverl\u00e4ssigkeit und Umweltvertr\u00e4glichkeit. Unser professionelles Team verf\u00fcgt \u00fcber fast zwei Jahrzehnte Branchenerfahrung und ist bestrebt, au\u00dfergew\u00f6hnliche Leistung und beispiellosen Support zu bieten.<\/p>\n<h2>Warum JianTai's Produktionslinie f\u00fcr Kunststoffabf\u00e4lle w\u00e4hlen?<\/h2>\n<h3>Fortschrittliche Technologie f\u00fcr \u00fcberragende Ergebnisse<\/h3>\n<p>Unsere Produktionsanlagen f\u00fcr Kunststoffabf\u00e4lle sind mit den neuesten Servomotorsystemen und modernster Extrusionstechnologie ausgestattet. Dies gew\u00e4hrleistet eine hohe Aussto\u00dfleistung, gleichbleibende Qualit\u00e4t und einen geringen Energieverbrauch. Wir konzentrieren uns auf <strong>Wasser-Strang-Granulierverfahren<\/strong> um saubere, einheitliche Kunststoffgranulate f\u00fcr die Wiederverwendung in der Produktion herzustellen.<\/p>\n<h3>Kompetenz, der Sie vertrauen k\u00f6nnen<\/h3>\n<p>Gegr\u00fcndet in <strong>2005<\/strong>JianTai Machine ist ein Vorreiter in der Kunststoffrecyclingbranche. Wir sind stolz darauf, zu halten <strong>CE- und ISO 9001-Zertifizierungen<\/strong>und demonstrieren damit unser Engagement f\u00fcr Qualit\u00e4ts- und Sicherheitsstandards. Unsere qualifizierten Ingenieure bieten umfassende Unterst\u00fctzung, einschlie\u00dflich Installation, Inbetriebnahme und Schulung, um einen reibungslosen Betrieb zu gew\u00e4hrleisten.<\/p>\n<h2>Hauptmerkmale unserer Produktionslinie f\u00fcr Kunststoffabf\u00e4lle<\/h2>\n<h3>1. Effizientes Extrusionssystem<\/h3>\n<p>Unsere Extrusionssysteme sind f\u00fcr die Verarbeitung einer breiten Palette von Kunststoffen ausgelegt, darunter <strong>HDPE, LDPE, PP und mehr<\/strong>. Der Einsatz von Servomotoren bietet:<\/p>\n<ul>\n<li><strong>Pr\u00e4zise Kontrolle:<\/strong> Verbesserte Genauigkeit und Konsistenz der Ausgabe.<\/li>\n<li><strong>Energieeinsparung:<\/strong> Geringerer Stromverbrauch ohne Leistungseinbu\u00dfen.<\/li>\n<li><strong>Langlebigkeit:<\/strong> Robuste Konstruktion f\u00fcr den Dauerbetrieb mit hoher Belastung.<\/li>\n<\/ul>\n<h3>2. Wasser-Strang-Granulierungstechnologie<\/h3>\n<p>Unser Wasser-Strang-Granulierverfahren bietet eine effiziente Methode zur Umwandlung von Kunststoffabf\u00e4llen in Granulat. Dieses Verfahren gew\u00e4hrleistet:<\/p>\n<ul>\n<li><strong>Hochwertige Pellets:<\/strong> Saubere, gleichm\u00e4\u00dfige Pellets, die sich f\u00fcr die Weiterverarbeitung eignen.<\/li>\n<li><strong>Geringere Ausfallzeiten:<\/strong> Reibungsloser Betrieb mit minimaler Verstopfung oder Unterbrechung.<\/li>\n<li><strong>Einfache Wartung:<\/strong> Vereinfachte Reinigungs- und Wartungsverfahren.<\/li>\n<\/ul>\n<h3>3. Anpassbare L\u00f6sungen<\/h3>\n<p>Jedes Unternehmen hat einzigartige Recycling-Anforderungen. Bei JianTai bieten wir <strong>kundenspezifische Konfigurationen von Produktionslinien<\/strong> zugeschnitten auf Ihre Materialart, Ihre Kapazit\u00e4tsanforderungen und Ihre betrieblichen Ziele. Unsere flexiblen L\u00f6sungen gew\u00e4hrleisten, dass Sie die beste Leistung f\u00fcr Ihre Investition erhalten.<\/p>\n<h2>Umfassende Unterst\u00fctzung und Dienstleistungen<\/h2>\n<h3>Installation und Inbetriebnahme<\/h3>\n<p>Wir bieten <strong>Installation und Inbetriebnahme vor Ort<\/strong> um sicherzustellen, dass Ihre Produktionslinie reibungslos l\u00e4uft. Unsere Ingenieure begleiten Sie durch den gesamten Prozess und stellen sicher, dass jede Komponente f\u00fcr eine optimale Leistung perfekt kalibriert ist.<\/p>\n<h3>Schulung und technische Unterst\u00fctzung<\/h3>\n<p>Wir bieten <strong>umfassende Ausbildungsprogramme<\/strong> f\u00fcr Ihr Personal, die sich mit der Bedienung, den Sicherheitsverfahren und der routinem\u00e4\u00dfigen Wartung befassen. Dar\u00fcber hinaus ist unser Team immer verf\u00fcgbar f\u00fcr <strong>technische Fernunterst\u00fctzung<\/strong> um alle auftretenden Probleme zu beheben.<\/p>\n<h3>Kundendienst und Garantie<\/h3>\n<p>Unsere Produktionslinien f\u00fcr Kunststoffabf\u00e4lle sind mit einem <strong>einj\u00e4hrige Garantie<\/strong>f\u00fcr die wichtigsten Komponenten und Teile. Wir bieten auch laufende Wartungsdienste und schnelle Austauschoptionen, um Ausfallzeiten zu minimieren und Ihren Betrieb effizient zu halten.<\/p>\n<h2>Verantwortung f\u00fcr die Umwelt<\/h2>\n<p>Bei JianTai Machine glauben wir an eine nachhaltige Produktion. Unsere Produktionslinien f\u00fcr Kunststoffabf\u00e4lle helfen Unternehmen, die Kunststoffverschmutzung zu reduzieren, indem sie Abf\u00e4lle in wertvolle Ressourcen umwandeln. Indem Sie in unsere Technologie investieren, tragen Sie zu einer <strong>Kreislaufwirtschaft<\/strong> und einen ges\u00fcnderen Planeten.<\/p>\n<h3>Kontaktieren Sie JianTai Machine noch heute!<\/h3>\n<p>Sind Sie bereit, Ihre Kunststoffrecyclingkapazit\u00e4ten zu erweitern? Kontaktieren Sie uns und erfahren Sie mehr \u00fcber unsere <strong>Produktionslinie f\u00fcr Kunststoffabf\u00e4lle<\/strong> L\u00f6sungen.<\/p>\n<ul>\n<li><strong>Website:<\/strong> <a href=\"https:\/\/jiantaimachine.com\/de\/\" target=\"_new\" rel=\"noopener\">www.jiantaimachine.com<\/a><\/li>\n<li><strong>E-Mail:<\/strong> <a rel=\"noopener\">ding@jiantaimachine.com<\/a><\/li>\n<li><strong>Telefon:<\/strong> +86 17788500040<\/li>\n<li><strong>Adresse:<\/strong> Nr. 3 Geb\u00e4ude, Wanyang Zhongchuang City, Langxia Street, Yuyao, Zhejiang, China<\/li>\n<\/ul>\n<p>Lassen Sie uns gemeinsam daran arbeiten, das Kunststoffrecycling effizient, zuverl\u00e4ssig und nachhaltig zu gestalten!<\/p>","protected":false},"excerpt":{"rendered":"<p><strong>Produktionslinie f\u00fcr Kunststoffabf\u00e4lle<\/strong> von JianTai Machine ist eine hocheffiziente L\u00f6sung f\u00fcr die Umwandlung von Kunststoffabf\u00e4llen in hochwertiges Recyclinggranulat. Ausgestattet mit fortschrittlichen Servomotoren, Wasser-Strang-Granulierungstechnologie und anpassbaren Konfigurationen, gew\u00e4hrleistet sie Pr\u00e4zision, Energieeinsparung und Langlebigkeit. Wir sind CE- und ISO 9001-zertifiziert und bieten Installation, Schulung und ein Jahr Garantie. Ideal f\u00fcr Unternehmen, die sich f\u00fcr nachhaltiges Recycling und effiziente Abl\u00e4ufe einsetzen.<\/p>","protected":false},"featured_media":1086,"comment_status":"open","ping_status":"closed","template":"","meta":{"_gspb_post_css":"","rank_math_lock_modified_date":false},"product_brand":[],"product_cat":[15],"product_tag":[],"class_list":{"0":"post-2177","1":"product","2":"type-product","3":"status-publish","4":"has-post-thumbnail","6":"product_cat-plastic-recycling-machines","8":"first","9":"instock","10":"shipping-taxable","11":"purchasable","12":"product-type-variable"},"_links":{"self":[{"href":"https:\/\/jiantaimachine.com\/de\/wp-json\/wp\/v2\/product\/2177","targetHints":{"allow":["GET"]}}],"collection":[{"href":"https:\/\/jiantaimachine.com\/de\/wp-json\/wp\/v2\/product"}],"about":[{"href":"https:\/\/jiantaimachine.com\/de\/wp-json\/wp\/v2\/types\/product"}],"replies":[{"embeddable":true,"href":"https:\/\/jiantaimachine.com\/de\/wp-json\/wp\/v2\/comments?post=2177"}],"wp:featuredmedia":[{"embeddable":true,"href":"https:\/\/jiantaimachine.com\/de\/wp-json\/wp\/v2\/media\/1086"}],"wp:attachment":[{"href":"https:\/\/jiantaimachine.com\/de\/wp-json\/wp\/v2\/media?parent=2177"}],"wp:term":[{"taxonomy":"product_brand","embeddable":true,"href":"https:\/\/jiantaimachine.com\/de\/wp-json\/wp\/v2\/product_brand?post=2177"},{"taxonomy":"product_cat","embeddable":true,"href":"https:\/\/jiantaimachine.com\/de\/wp-json\/wp\/v2\/product_cat?post=2177"},{"taxonomy":"product_tag","embeddable":true,"href":"https:\/\/jiantaimachine.com\/de\/wp-json\/wp\/v2\/product_tag?post=2177"}],"curies":[{"name":"wp","href":"https:\/\/api.w.org\/{rel}","templated":true}]}}