{"id":1743,"date":"2024-11-17T05:14:46","date_gmt":"2024-11-17T05:14:46","guid":{"rendered":"https:\/\/jiantaimachine.com\/?post_type=product&#038;p=1743"},"modified":"2025-07-06T00:36:47","modified_gmt":"2025-07-06T00:36:47","slug":"pla-recycling-maschine","status":"publish","type":"product","link":"https:\/\/jiantaimachine.com\/de\/pla-recycling-machine\/","title":{"rendered":"PLA-Recycling-Maschine"},"content":{"rendered":"<h2>PLA-Recycling-Maschine: Revolutionierung der nachhaltigen Kunststoffverarbeitung<\/h2>\n<p>Die PLA-Recycling-Maschine ist eine innovative L\u00f6sung f\u00fcr das Recycling und die Regeneration von Polymilchs\u00e4ure (PLA). Diese Maschine wurde f\u00fcr die Verarbeitung von Abfallmaterialien wie 3D-Druckerabf\u00e4lle, Industrieverpackungen oder Agrarfolien konstruiert und verwandelt diese in hochwertige PLA-Granulate. Sie bietet eine L\u00f6sung f\u00fcr Hersteller, die alle Vorteile nutzen wollen, die mit Umweltschutzpraktiken einhergehen und eine nachhaltige Entwicklung erm\u00f6glichen.<\/p>\n<h2>Hauptmerkmale der PLA-Recyclingmaschine<\/h2>\n<h3>Fortschrittliche Motorentechnologie<\/h3>\n<p>Die Maschine ist mit einem hocheffizienten <strong>Servomotor<\/strong>Sie bieten eine konstante Leistung bei geringem Energieverbrauch und minimalem Betriebsger\u00e4usch. Dies gew\u00e4hrleistet eine stabile und effiziente Verarbeitung auch in anspruchsvollen Umgebungen.<\/p>\n<h3>Intelligente Temperaturregelung<\/h3>\n<p>Ein hochmodernes Temperaturkontrollsystem sorgt f\u00fcr optimale Bedingungen w\u00e4hrend des Recyclingprozesses. Dadurch bleiben die einzigartigen Eigenschaften von PLA-Materialien erhalten und die Qualit\u00e4t des Endprodukts wird gew\u00e4hrleistet.<\/p>\n<h3>Multifunktionale Integration<\/h3>\n<p>Die PLA-Recycling-Maschine kombiniert Waschen, Zerkleinern, Extrudieren und Granulieren in einem einzigen, rationalisierten System. Diese All-in-One-Funktionalit\u00e4t reduziert den Bedarf an zus\u00e4tzlichen Ger\u00e4ten und spart Platz, Zeit und Arbeitskosten.<\/p>\n<h3>Umweltfreundliches Design<\/h3>\n<p>Konform mit <strong>CE<\/strong> und <strong>ISO 9001<\/strong> Standards arbeitet die Maschine mit minimalen Emissionen und tr\u00e4gt so zu nachhaltigen Produktionsverfahren und einer saubereren Umwelt bei.<\/p>\n<h3>Modularer Aufbau<\/h3>\n<p>Das modulare Design der Maschine erm\u00f6glicht eine einfache Installation, Wartung und Skalierbarkeit. Sie passt sich nahtlos an verschiedene Produktionsgr\u00f6\u00dfen an und ist damit eine vielseitige Wahl f\u00fcr Hersteller.<\/p>\n<h2>Technische H\u00f6hepunkte<\/h2>\n<ul>\n<li><strong>Verarbeitungskapazit\u00e4t<\/strong>200-500 kg\/h (anpassbar an den jeweiligen Bedarf).<\/li>\n<li><strong>Leistungsbedarf<\/strong>: 55 kW.<\/li>\n<li><strong>Extrusionssystem<\/strong>: Ein Doppelschneckenextruder zum effizienten Mischen und Schmelzen von PLA-Materialien.<\/li>\n<li><strong>K\u00fchlsystem<\/strong>: Wasser-Strangk\u00fchlung, ideal f\u00fcr die Erhaltung der Integrit\u00e4t von PLA.<\/li>\n<li><strong>Kontrollsystem<\/strong>: Eine SPS-basierte Schnittstelle mit einem benutzerfreundlichen Touchscreen f\u00fcr nahtlose Bedienung.<\/li>\n<\/ul>\n<h2>Anwendungen der PLA-Recyclingmaschine<\/h2>\n<h3>Industrielles Recycling<\/h3>\n<p>Die Maschine verarbeitet Abf\u00e4lle aus Branchen wie dem 3D-Druck und der Verpackungsindustrie effizient zu wiederverwendbaren PLA-Granulaten f\u00fcr die Produktion.<\/p>\n<h3>Landwirtschaftliche Nutzung<\/h3>\n<p>Sie verarbeitet biologisch abbaubare Folien, die in der Landwirtschaft verwendet werden, zu Pellets f\u00fcr weitere Anwendungen.<\/p>\n<h3>Umweltvertr\u00e4gliche Herstellung<\/h3>\n<p>Recycelte PLA-Granulate k\u00f6nnen zur Herstellung von lebensmitteltauglichen Verpackungen und anderen nachhaltigen Kunststoffprodukten verwendet werden und f\u00f6rdern so die Kreislaufwirtschaft.<\/p>\n<h2>Warum die PLA-Recyclingmaschine?<\/h2>\n<h3>Fachwissen und Innovation<\/h3>\n<p>Diese Maschine wurde von Branchenexperten mit umfassender Erfahrung im Kunststoffrecycling entwickelt und stellt sich den einzigartigen Herausforderungen der Aufbereitung von PLA-Materialien. Ihre hochmoderne Technologie gew\u00e4hrleistet Pr\u00e4zision, Effizienz und Zuverl\u00e4ssigkeit.<\/p>\n<h3>Nachhaltigkeitsverpflichtung<\/h3>\n<p>Die Maschine ist eine ausgezeichnete Wahl f\u00fcr Unternehmen, die Abfall reduzieren, Recycling f\u00f6rdern und sich an globalen Nachhaltigkeitszielen orientieren wollen. Indem sie PLA-Abf\u00e4lle in wertvolle Ressourcen umwandelt, tr\u00e4gt sie zur Verringerung der Kunststoffverschmutzung bei und unterst\u00fctzt eine umweltbewusste Produktion.<\/p>\n<h3>Anpassbar und skalierbar<\/h3>\n<p>Die flexible Konfiguration macht die PLA-Recyclingmaschine anpassungsf\u00e4hig an verschiedene Produktionsanforderungen, von kleinen Betrieben bis hin zu industriellen Fertigungsanlagen.<\/p>\n<h2>Vorteile des PLA-Recyclings<\/h2>\n<h3>Wirtschaftliche Vorteile<\/h3>\n<p>Das Recycling von PLA-Abf\u00e4llen senkt die Rohstoffkosten und erzeugt gleichzeitig hochwertiges Recyclinggranulat, was f\u00fcr die Hersteller finanzielle Vorteile bringt.<\/p>\n<h3>Auswirkungen auf die Umwelt<\/h3>\n<p>Recycling verringert die Menge an Kunststoffabf\u00e4llen, die auf Deponien landen, und tr\u00e4gt dazu bei, den mit der Kunststoffproduktion verbundenen CO2-Fu\u00dfabdruck zu verringern.<\/p>\n<h3>Operative Effizienz<\/h3>\n<p>Die integrierte Funktionalit\u00e4t der Maschine vereinfacht Recyclingprozesse und bietet eine schnelle Einrichtung und minimale Ausfallzeiten f\u00fcr maximale Produktivit\u00e4t.<\/p>\n<p>Die PLA-Recyclingmaschine ist f\u00fcr Hersteller, die Nachhaltigkeit und Effizienz anstreben, ein Wendepunkt. Mit fortschrittlichen Funktionen, vielseitigen Anwendungen und einem Bekenntnis zur Umweltverantwortung bietet sie einen zuverl\u00e4ssigen Weg zu einer gr\u00fcneren Produktion und einer Kreislaufwirtschaft.<\/p>","protected":false},"excerpt":{"rendered":"<p>Die PLA-Recyclingmaschine wandelt PLA-Abf\u00e4lle effizient in hochwertiges Granulat um. Mit ihrer fortschrittlichen Technologie, dem umweltfreundlichen Design und dem rationellen Betrieb unterst\u00fctzt sie eine nachhaltige Produktion.<\/p>","protected":false},"featured_media":1755,"comment_status":"open","ping_status":"closed","template":"","meta":{"_gspb_post_css":"","rank_math_lock_modified_date":false},"product_brand":[],"product_cat":[15],"product_tag":[],"class_list":{"0":"post-1743","1":"product","2":"type-product","3":"status-publish","4":"has-post-thumbnail","6":"product_cat-plastic-recycling-machines","8":"first","9":"instock","10":"shipping-taxable","11":"purchasable","12":"product-type-variable"},"_links":{"self":[{"href":"https:\/\/jiantaimachine.com\/de\/wp-json\/wp\/v2\/product\/1743","targetHints":{"allow":["GET"]}}],"collection":[{"href":"https:\/\/jiantaimachine.com\/de\/wp-json\/wp\/v2\/product"}],"about":[{"href":"https:\/\/jiantaimachine.com\/de\/wp-json\/wp\/v2\/types\/product"}],"replies":[{"embeddable":true,"href":"https:\/\/jiantaimachine.com\/de\/wp-json\/wp\/v2\/comments?post=1743"}],"wp:featuredmedia":[{"embeddable":true,"href":"https:\/\/jiantaimachine.com\/de\/wp-json\/wp\/v2\/media\/1755"}],"wp:attachment":[{"href":"https:\/\/jiantaimachine.com\/de\/wp-json\/wp\/v2\/media?parent=1743"}],"wp:term":[{"taxonomy":"product_brand","embeddable":true,"href":"https:\/\/jiantaimachine.com\/de\/wp-json\/wp\/v2\/product_brand?post=1743"},{"taxonomy":"product_cat","embeddable":true,"href":"https:\/\/jiantaimachine.com\/de\/wp-json\/wp\/v2\/product_cat?post=1743"},{"taxonomy":"product_tag","embeddable":true,"href":"https:\/\/jiantaimachine.com\/de\/wp-json\/wp\/v2\/product_tag?post=1743"}],"curies":[{"name":"wp","href":"https:\/\/api.w.org\/{rel}","templated":true}]}}