{"id":1424,"date":"2024-11-15T03:53:57","date_gmt":"2024-11-15T03:53:57","guid":{"rendered":"https:\/\/jiantaimachine.com\/?post_type=product&#038;p=1424"},"modified":"2025-07-06T00:36:07","modified_gmt":"2025-07-06T00:36:07","slug":"kunststoffgranulat-recyclingmaschine","status":"publish","type":"product","link":"https:\/\/jiantaimachine.com\/de\/plastic-resin-pellet-recycling-machine\/","title":{"rendered":"Kunststoffharz-Pellet-Recyclingmaschine"},"content":{"rendered":"<h3><strong>Kaufen Sie eine Recycling-Maschine f\u00fcr Kunstharzpellets<\/strong><\/h3>\n<p>Unser <strong>Kunststoffharz-Pellet-Recyclingmaschine<\/strong> wurde entwickelt, um Kunststoffabf\u00e4lle effizient zu recyceln und in hochwertiges, wiederverwendbares Kunststoffgranulat zu verwandeln. Diese Maschine ist ideal f\u00fcr Unternehmen, die Kunststoffharze recyceln m\u00f6chten, wie <strong>HDPE<\/strong>, <strong>PP<\/strong>, <strong>PVC<\/strong>, <strong>PET<\/strong>und andere Thermoplaste. Durch die Verarbeitung von Kunststoffabf\u00e4llen hilft diese Maschine Unternehmen, Materialkosten zu senken, Nachhaltigkeit zu f\u00f6rdern und Umweltziele zu erreichen.<\/p>\n<h4><strong>Wesentliche Merkmale:<\/strong><\/h4>\n<ul>\n<li><strong>Effiziente Pelletierung<\/strong>: Unsere Maschine verwendet eine fortschrittliche Extrusions- und Pelletierungstechnologie, um Kunststoffabf\u00e4lle in einheitliche, hochwertige Pellets umzuwandeln, die in der Produktion wiederverwendet werden k\u00f6nnen.<\/li>\n<li><strong>Breite Palette von Harzen<\/strong>: Kann verschiedene Arten von Kunststoffharzen verarbeiten, darunter <strong>HDPE<\/strong>, <strong>PP<\/strong>, <strong>PVC<\/strong>, <strong>PET<\/strong>und vieles mehr, um die Vielseitigkeit f\u00fcr unterschiedliche Recyclinganforderungen zu gew\u00e4hrleisten.<\/li>\n<li><strong>Energiesparen<\/strong>: Ausgestattet mit energieeffizienten Servomotoren, reduziert die Maschine den Stromverbrauch und ist damit eine kosteng\u00fcnstige L\u00f6sung f\u00fcr Unternehmen.<\/li>\n<li><strong>Benutzerfreundliches Kontrollsystem<\/strong>: Die Maschine verf\u00fcgt \u00fcber ein SPS-basiertes Steuerungssystem, das eine einfache Bedienung, \u00dcberwachung und Echtzeitanpassung f\u00fcr optimale Leistung erm\u00f6glicht.<\/li>\n<li><strong>Hohe Ausgabequalit\u00e4t<\/strong>: Das Granulat ist gleichm\u00e4\u00dfig und von hoher Qualit\u00e4t und eignet sich f\u00fcr die Herstellung neuer Kunststoffprodukte.<\/li>\n<li><strong>Langlebig und wartungsarm<\/strong>: Die aus hochwertigen Materialien gefertigte und f\u00fcr den langfristigen Einsatz konzipierte Maschine erfordert nur minimale Wartung und Ausfallzeiten.<\/li>\n<\/ul>\n<h4><strong>Technische Daten:<\/strong><\/h4>\n<table>\n<thead>\n<tr>\n<th><strong>Konfiguration<\/strong><\/th>\n<th><strong>Beschreibung<\/strong><\/th>\n<\/tr>\n<\/thead>\n<tbody>\n<tr>\n<td><strong>Modell<\/strong><\/td>\n<td>Anpassbar je nach Verarbeitungskapazit\u00e4t<\/td>\n<\/tr>\n<tr>\n<td><strong>Verarbeitungskapazit\u00e4t<\/strong><\/td>\n<td>500 kg\/h, 1000 kg\/h, 2000 kg\/h (anpassbar je nach Bedarf)<\/td>\n<\/tr>\n<tr>\n<td><strong>Eingangsspannung<\/strong><\/td>\n<td>380V, 50Hz, dreiphasig (oder nach Kundenspezifikation)<\/td>\n<\/tr>\n<tr>\n<td><strong>Stromverbrauch<\/strong><\/td>\n<td>15kW, 25kW, 50kW (je nach Leistung)<\/td>\n<\/tr>\n<tr>\n<td><strong>Motor Typ<\/strong><\/td>\n<td>Servomotor (f\u00fcr pr\u00e4zise Steuerung)<\/td>\n<\/tr>\n<tr>\n<td><strong>Kontrollsystem<\/strong><\/td>\n<td>PLC-Touchscreen-Steuerungssystem<\/td>\n<\/tr>\n<tr>\n<td><strong>Ausgangstyp<\/strong><\/td>\n<td>Recycelte Kunststoffgranulate oder -granulat<\/td>\n<\/tr>\n<tr>\n<td><strong>K\u00fchlsystem<\/strong><\/td>\n<td>Wasser- und Luftk\u00fchlung (je nach Modell)<\/td>\n<\/tr>\n<tr>\n<td><strong>L\u00e4rmpegel<\/strong><\/td>\n<td>&lt;80dB<\/td>\n<\/tr>\n<tr>\n<td><strong>Zertifizierungen<\/strong><\/td>\n<td>CE, ISO 9001<\/td>\n<\/tr>\n<tr>\n<td><strong>Garantie<\/strong><\/td>\n<td>1 Jahr Garantie<\/td>\n<\/tr>\n<tr>\n<td><strong>Dienstleistungen &amp; Support<\/strong><\/td>\n<td>Installation, Inbetriebnahme, Schulung und technische Fernunterst\u00fctzung<\/td>\n<\/tr>\n<\/tbody>\n<\/table>\n<h4><strong>Anwendungen:<\/strong><\/h4>\n<ul>\n<li><strong>Kunststoff-Recycling-Zentren<\/strong>: Ideal f\u00fcr das Recycling von Kunststoffabf\u00e4llen zu wiederverwendbaren Granulaten f\u00fcr die Produktion.<\/li>\n<li><strong>Hersteller<\/strong>: Recyceltes Granulat kann zur Herstellung neuer Kunststoffprodukte verwendet werden, was die Abh\u00e4ngigkeit von neuen Materialien verringert und die Produktionskosten senkt.<\/li>\n<li><strong>Initiativen zur Nachhaltigkeit<\/strong>: Unterst\u00fctzt Unternehmen bei der Erreichung von Nachhaltigkeitszielen durch die Reduzierung von Plastikm\u00fcll und die Schonung von Ressourcen.<\/li>\n<\/ul>\n<h4><strong>Vorteile:<\/strong><\/h4>\n<ul>\n<li><strong>Kosteng\u00fcnstig<\/strong>: Recyceltes Kunststoffgranulat ist billiger als neuer Kunststoff und senkt die Materialkosten f\u00fcr die Produktion.<\/li>\n<li><strong>Effizientes Recycling<\/strong>: Die Maschine gew\u00e4hrleistet eine hohe Ausbeute an gleichm\u00e4\u00dfigen Pellets mit minimalem Abfall und hoher Verarbeitungsgeschwindigkeit.<\/li>\n<li><strong>Umweltschonend<\/strong>: Durch das Recycling von Kunstharz tr\u00e4gt die Maschine dazu bei, Kunststoffabf\u00e4lle zu reduzieren, Ressourcen zu schonen und die Umweltbelastung zu minimieren.<\/li>\n<li><strong>Energieeffizient<\/strong>: Der Einsatz von Servomotoren und fortschrittlichen Steuerungssystemen gew\u00e4hrleistet einen minimalen Energieverbrauch und senkt die Betriebskosten.<\/li>\n<li><strong>Langlebig und wartungsarm<\/strong>: Gebaut, um lange Betriebszeiten mit minimalen Ausfallzeiten und Wartungsarbeiten zu \u00fcberstehen.<\/li>\n<\/ul>\n<h4><strong>Support und Kundendienst:<\/strong><\/h4>\n<ul>\n<li><strong>Installation und Schulung<\/strong>: Wir bieten einen umfassenden Installations- und Schulungsservice, um eine reibungslose Einrichtung und Bedienung der Maschine zu gew\u00e4hrleisten.<\/li>\n<li><strong>Technische Fernunterst\u00fctzung<\/strong>: Unser Team steht f\u00fcr die Fehlerbehebung, Optimierung und den laufenden Support zur Verf\u00fcgung, um eine optimale Leistung zu gew\u00e4hrleisten.<\/li>\n<li><strong>Ein-Jahres-Garantie<\/strong>: Umfassende Garantie, die Teile und Arbeit abdeckt, damit Sie sich keine Sorgen machen m\u00fcssen.<\/li>\n<\/ul>","protected":false},"excerpt":{"rendered":"<p>Effizientes Recycling von Kunststoffabf\u00e4llen zu hochwertigen, wiederverwendbaren Pellets mit unserem <strong>Kunststoffharz-Pellet-Recyclingmaschine<\/strong>. Geeignet f\u00fcr eine breite Palette von Harzen wie <strong>HDPE<\/strong>, <strong>PP<\/strong>, <strong>PVC<\/strong>und <strong>PET<\/strong>Die Maschine ist energieeffizient, langlebig und so konzipiert, dass sie Unternehmen hilft, ihre Produktionskosten zu senken und zur Nachhaltigkeit beizutragen.<\/p>","protected":false},"featured_media":1086,"comment_status":"open","ping_status":"closed","template":"","meta":{"_gspb_post_css":"","rank_math_lock_modified_date":false},"product_brand":[],"product_cat":[15],"product_tag":[],"class_list":{"0":"post-1424","1":"product","2":"type-product","3":"status-publish","4":"has-post-thumbnail","6":"product_cat-plastic-recycling-machines","8":"first","9":"instock","10":"shipping-taxable","11":"purchasable","12":"product-type-variable"},"_links":{"self":[{"href":"https:\/\/jiantaimachine.com\/de\/wp-json\/wp\/v2\/product\/1424","targetHints":{"allow":["GET"]}}],"collection":[{"href":"https:\/\/jiantaimachine.com\/de\/wp-json\/wp\/v2\/product"}],"about":[{"href":"https:\/\/jiantaimachine.com\/de\/wp-json\/wp\/v2\/types\/product"}],"replies":[{"embeddable":true,"href":"https:\/\/jiantaimachine.com\/de\/wp-json\/wp\/v2\/comments?post=1424"}],"wp:featuredmedia":[{"embeddable":true,"href":"https:\/\/jiantaimachine.com\/de\/wp-json\/wp\/v2\/media\/1086"}],"wp:attachment":[{"href":"https:\/\/jiantaimachine.com\/de\/wp-json\/wp\/v2\/media?parent=1424"}],"wp:term":[{"taxonomy":"product_brand","embeddable":true,"href":"https:\/\/jiantaimachine.com\/de\/wp-json\/wp\/v2\/product_brand?post=1424"},{"taxonomy":"product_cat","embeddable":true,"href":"https:\/\/jiantaimachine.com\/de\/wp-json\/wp\/v2\/product_cat?post=1424"},{"taxonomy":"product_tag","embeddable":true,"href":"https:\/\/jiantaimachine.com\/de\/wp-json\/wp\/v2\/product_tag?post=1424"}],"curies":[{"name":"wp","href":"https:\/\/api.w.org\/{rel}","templated":true}]}}