{"id":1412,"date":"2024-11-15T03:49:47","date_gmt":"2024-11-15T03:49:47","guid":{"rendered":"https:\/\/jiantaimachine.com\/?post_type=product&#038;p=1412"},"modified":"2025-07-06T00:36:30","modified_gmt":"2025-07-06T00:36:30","slug":"kunststoffpellet-recyclingmaschine","status":"publish","type":"product","link":"https:\/\/jiantaimachine.com\/de\/plastic-pellet-recycling-machine\/","title":{"rendered":"Kunststoffpellet-Recyclingmaschine"},"content":{"rendered":"<h3><strong>Kunststoffpellet-Recyclingmaschine kaufen<\/strong><\/h3>\n<p>Unser <strong>Kunststoffpellet-Recyclingmaschine<\/strong> ist f\u00fcr die effiziente Verarbeitung eines breiten Spektrums von Kunststoffabf\u00e4llen zu hochwertigen, wiederverwendbaren Granulaten ausgelegt. Diese Maschine ist perfekt f\u00fcr Unternehmen, die Kunststoffmaterialien recyceln m\u00f6chten, wie <strong>HDPE<\/strong>, <strong>PVC<\/strong>, <strong>TPU<\/strong>, <strong>PP<\/strong>und mehr und verwandelt sie in Pellets, die f\u00fcr die Herstellung neuer Produkte wiederverwendet werden k\u00f6nnen.<\/p>\n<h4><strong>Wesentliche Merkmale:<\/strong><\/h4>\n<ul>\n<li><strong>Hocheffizientes Recycling<\/strong>: Die Maschine verwendet eine fortschrittliche Extrusions- und Pelletierungstechnologie, um eine hohe Ausbeute an gleichm\u00e4\u00dfigen Pellets mit minimalem Abfall zu gew\u00e4hrleisten.<\/li>\n<li><strong>Vielseitige Anwendungen<\/strong>: Er kann verschiedene Arten von Kunststoffen recyceln, darunter HDPE, PVC, TPU und PP, und eignet sich daher f\u00fcr zahlreiche Branchen wie Verpackungs-, Automobil- und Konsumg\u00fcterindustrie.<\/li>\n<li><strong>Energiesparen<\/strong>: Ausgestattet mit Servomotoren und effizienten Stromversorgungssystemen sorgt diese Maschine f\u00fcr einen niedrigen Energieverbrauch und hilft Unternehmen, ihre Betriebskosten zu senken.<\/li>\n<li><strong>Benutzerfreundliches Kontrollsystem<\/strong>: Das PLC-basierte Steuerungssystem erm\u00f6glicht eine einfache Bedienung, \u00dcberwachung und Einstellung w\u00e4hrend des Recyclingprozesses.<\/li>\n<li><strong>Langlebig und wartungsarm<\/strong>: Hergestellt aus hochwertigen Materialien, die eine lange Lebensdauer bei minimalem Wartungsaufwand gew\u00e4hrleisten.<\/li>\n<li><strong>Umweltfreundlich<\/strong>: Hilft Unternehmen, zur Kreislaufwirtschaft beizutragen, indem sie Kunststoffabf\u00e4lle recyceln, M\u00fclldeponien reduzieren und den CO2-Fu\u00dfabdruck verringern.<\/li>\n<\/ul>\n<h4><strong>Technische Daten:<\/strong><\/h4>\n<table>\n<thead>\n<tr>\n<th><strong>Konfiguration<\/strong><\/th>\n<th><strong>Beschreibung<\/strong><\/th>\n<\/tr>\n<\/thead>\n<tbody>\n<tr>\n<td><strong>Modell<\/strong><\/td>\n<td>Anpassbar je nach Verarbeitungskapazit\u00e4t<\/td>\n<\/tr>\n<tr>\n<td><strong>Verarbeitungskapazit\u00e4t<\/strong><\/td>\n<td>500 kg\/h, 1000 kg\/h, 2000 kg\/h (anpassbar je nach Bedarf)<\/td>\n<\/tr>\n<tr>\n<td><strong>Eingangsspannung<\/strong><\/td>\n<td>380V, 50Hz, dreiphasig (oder nach Kundenspezifikation)<\/td>\n<\/tr>\n<tr>\n<td><strong>Stromverbrauch<\/strong><\/td>\n<td>15kW, 25kW, 50kW (je nach Leistung)<\/td>\n<\/tr>\n<tr>\n<td><strong>Motor Typ<\/strong><\/td>\n<td>Servomotor (f\u00fcr pr\u00e4zise Steuerung)<\/td>\n<\/tr>\n<tr>\n<td><strong>Kontrollsystem<\/strong><\/td>\n<td>PLC-Touchscreen-Steuerungssystem<\/td>\n<\/tr>\n<tr>\n<td><strong>Ausgangstyp<\/strong><\/td>\n<td>Recycelte Kunststoffpellets oder -granulate<\/td>\n<\/tr>\n<tr>\n<td><strong>K\u00fchlsystem<\/strong><\/td>\n<td>Wasser- und Luftk\u00fchlung (je nach Modell)<\/td>\n<\/tr>\n<tr>\n<td><strong>L\u00e4rmpegel<\/strong><\/td>\n<td>&lt;80dB<\/td>\n<\/tr>\n<tr>\n<td><strong>Zertifizierungen<\/strong><\/td>\n<td>CE, ISO 9001<\/td>\n<\/tr>\n<tr>\n<td><strong>Garantie<\/strong><\/td>\n<td>1 Jahr Garantie<\/td>\n<\/tr>\n<tr>\n<td><strong>Dienstleistungen &amp; Support<\/strong><\/td>\n<td>Installation, Inbetriebnahme, Schulung und technische Fernunterst\u00fctzung<\/td>\n<\/tr>\n<\/tbody>\n<\/table>\n<h4><strong>Anwendungen:<\/strong><\/h4>\n<ul>\n<li><strong>Kunststoff-Recycling-Zentren<\/strong>: Ideal f\u00fcr die Umwandlung von Kunststoffabf\u00e4llen in wiederverwendbares Granulat f\u00fcr die Weiterverarbeitung.<\/li>\n<li><strong>Hersteller<\/strong>: Verwendung des recycelten Granulats zur Herstellung neuer Kunststoffprodukte, Senkung der Rohstoffkosten und F\u00f6rderung der Nachhaltigkeit.<\/li>\n<li><strong>Initiativen zur Nachhaltigkeit<\/strong>: Hilft Unternehmen bei der Reduzierung von Kunststoffabf\u00e4llen und der Schonung von Ressourcen, indem es Kunststoff in wiederverwendbare Rohstoffe umwandelt.<\/li>\n<\/ul>\n<h4><strong>Vorteile:<\/strong><\/h4>\n<ul>\n<li><strong>Kosteng\u00fcnstig<\/strong>: Senkung der Materialkosten durch Verwendung von recyceltem Kunststoffgranulat anstelle von neuem Kunststoff.<\/li>\n<li><strong>Effizient und verl\u00e4sslich<\/strong>: Hochwertige Pellets mit minimalem Abfall und hoher Verarbeitungsgeschwindigkeit.<\/li>\n<li><strong>Umweltfreundlich<\/strong>: Unterst\u00fctzt die \u00f6kologische Nachhaltigkeit durch die Reduzierung von Kunststoffabf\u00e4llen und die F\u00f6rderung von Recycling.<\/li>\n<li><strong>Energieeffizient<\/strong>: Servomotoren und effiziente Systeme sorgen f\u00fcr einen niedrigen Energieverbrauch und senken die Betriebskosten.<\/li>\n<li><strong>Langlebig<\/strong>: Gebaut f\u00fcr lange Betriebszeiten bei minimaler Wartung.<\/li>\n<\/ul>\n<h4><strong>Support und Kundendienst:<\/strong><\/h4>\n<ul>\n<li><strong>Installation und Schulung<\/strong>: Wir bieten eine vollst\u00e4ndige Installation und Schulung an, um einen reibungslosen Aufbau und Betrieb der Maschine zu gew\u00e4hrleisten.<\/li>\n<li><strong>Fernunterst\u00fctzung<\/strong>: Unser Team steht Ihnen f\u00fcr Fehlerbehebung, Optimierung und laufenden technischen Support zur Verf\u00fcgung.<\/li>\n<li><strong>Ein-Jahres-Garantie<\/strong>: Umfasst eine vollst\u00e4ndige Garantie f\u00fcr Teile und Arbeit, damit Sie sich keine Sorgen machen m\u00fcssen.<\/li>\n<\/ul>","protected":false},"excerpt":{"rendered":"<p>Effizientes Recycling von Kunststoffabf\u00e4llen zu hochwertigem Granulat mit unserem <strong>Kunststoffpellet-Recyclingmaschine<\/strong>. Entwickelt f\u00fcr verschiedene Kunststoffe wie <strong>HDPE<\/strong>, <strong>PVC<\/strong>, <strong>TPU<\/strong>und <strong>PP<\/strong>Sie hilft Unternehmen, Kosten zu senken, Nachhaltigkeit zu f\u00f6rdern und zu einer Kreislaufwirtschaft beizutragen.<\/p>","protected":false},"featured_media":1086,"comment_status":"open","ping_status":"closed","template":"","meta":{"_gspb_post_css":"","rank_math_lock_modified_date":false},"product_brand":[],"product_cat":[15],"product_tag":[],"class_list":{"0":"post-1412","1":"product","2":"type-product","3":"status-publish","4":"has-post-thumbnail","6":"product_cat-plastic-recycling-machines","8":"first","9":"instock","10":"shipping-taxable","11":"purchasable","12":"product-type-variable"},"_links":{"self":[{"href":"https:\/\/jiantaimachine.com\/de\/wp-json\/wp\/v2\/product\/1412","targetHints":{"allow":["GET"]}}],"collection":[{"href":"https:\/\/jiantaimachine.com\/de\/wp-json\/wp\/v2\/product"}],"about":[{"href":"https:\/\/jiantaimachine.com\/de\/wp-json\/wp\/v2\/types\/product"}],"replies":[{"embeddable":true,"href":"https:\/\/jiantaimachine.com\/de\/wp-json\/wp\/v2\/comments?post=1412"}],"wp:featuredmedia":[{"embeddable":true,"href":"https:\/\/jiantaimachine.com\/de\/wp-json\/wp\/v2\/media\/1086"}],"wp:attachment":[{"href":"https:\/\/jiantaimachine.com\/de\/wp-json\/wp\/v2\/media?parent=1412"}],"wp:term":[{"taxonomy":"product_brand","embeddable":true,"href":"https:\/\/jiantaimachine.com\/de\/wp-json\/wp\/v2\/product_brand?post=1412"},{"taxonomy":"product_cat","embeddable":true,"href":"https:\/\/jiantaimachine.com\/de\/wp-json\/wp\/v2\/product_cat?post=1412"},{"taxonomy":"product_tag","embeddable":true,"href":"https:\/\/jiantaimachine.com\/de\/wp-json\/wp\/v2\/product_tag?post=1412"}],"curies":[{"name":"wp","href":"https:\/\/api.w.org\/{rel}","templated":true}]}}