{"id":1311,"date":"2024-11-15T00:04:42","date_gmt":"2024-11-15T00:04:42","guid":{"rendered":"https:\/\/jiantaimachine.com\/?post_type=product&#038;p=1311"},"modified":"2025-07-06T00:35:43","modified_gmt":"2025-07-06T00:35:43","slug":"pp-kunststoff-recycling-maschine","status":"publish","type":"product","link":"https:\/\/jiantaimachine.com\/de\/pp-plastic-recycling-machine\/","title":{"rendered":"PP-Kunststoff-Recycling-Maschine"},"content":{"rendered":"<h3><strong>PP-Kunststoff-Recycling-Maschine f\u00fcr das Wassersch\u00f6pfen<\/strong><\/h3>\n<p>Unser <strong>Kunststoff-Recycling-Maschine<\/strong> nutzt die <strong>Wasserzieh-Extrusionsverfahren<\/strong> um Kunststoffabf\u00e4lle in hochwertige Kunststoffpellets zu verwandeln. Bei diesem innovativen Verfahren wird zerkleinerter Kunststoff durch eine Form extrudiert und anschlie\u00dfend mit Hilfe eines Wasserk\u00fchlsystems zu einem einheitlichen Granulat verfestigt. Diese Maschine ist ideal f\u00fcr die Verarbeitung verschiedener Arten von Kunststoffabf\u00e4llen und gew\u00e4hrleistet ein effizientes Recycling und ein hochwertiges Ausgangsmaterial, das sich perfekt f\u00fcr die Wiederverwendung in der Produktion eignet.<\/p>\n<h4><strong>Wesentliche Merkmale:<\/strong><\/h4>\n<ul>\n<li><strong>Wasserziehendes Strangpressen<\/strong>: Die Maschine verwendet ein Wasserziehverfahren, das den extrudierten Kunststoff abk\u00fchlt und verfestigt und ihn in ein gleichm\u00e4\u00dfiges Granulat verwandelt, das sich leicht wiederverwenden l\u00e4sst.<\/li>\n<li><strong>Hoher Durchsatz<\/strong>: Kann gro\u00dfe Mengen an Kunststoffabf\u00e4llen zu hochwertigem Granulat verarbeiten und bietet skalierbare L\u00f6sungen f\u00fcr Recyclingverfahren.<\/li>\n<li><strong>Energieeffizient<\/strong>: Ausgestattet mit fortschrittlichen Servomotoren und energiesparender Technologie, senkt es die Betriebskosten und den Energieverbrauch.<\/li>\n<li><strong>Pr\u00e4zise Kontrolle<\/strong>: Das SPS-gesteuerte System gew\u00e4hrleistet einen reibungslosen Betrieb mit pr\u00e4ziser Temperatur- und Extrusionsgeschwindigkeitsregelung.<\/li>\n<li><strong>Vielseitigkeit<\/strong>: Geeignet f\u00fcr das Recycling eines breiten Spektrums von Kunststoffen, einschlie\u00dflich PE, PP, PET und anderen Kunststoffabf\u00e4llen.<\/li>\n<li><strong>Wasser-K\u00fchlsystem<\/strong>: Der extrudierte Kunststoff wird sofort im Wasserbad abgek\u00fchlt, um eine schnelle Verfestigung und eine hohe Qualit\u00e4t des Granulats zu gew\u00e4hrleisten.<\/li>\n<li><strong>Hochwertiger Output<\/strong>: Das entstandene Kunststoffgranulat ist von gleichbleibender Gr\u00f6\u00dfe und Qualit\u00e4t und eignet sich f\u00fcr die weitere Herstellung oder Wiederaufbereitung.<\/li>\n<li><strong>Geringe Wartung<\/strong>: Langlebige Komponenten und ein Minimum an beweglichen Teilen sorgen f\u00fcr eine lange Lebensdauer und einen geringen Wartungsbedarf.<\/li>\n<\/ul>\n<h4><strong>Technische Daten:<\/strong><\/h4>\n<table>\n<thead>\n<tr>\n<th><strong>Konfiguration<\/strong><\/th>\n<th><strong>Beschreibung<\/strong><\/th>\n<\/tr>\n<\/thead>\n<tbody>\n<tr>\n<td><strong>Modell<\/strong><\/td>\n<td>Anpassbar je nach Verarbeitungskapazit\u00e4t<\/td>\n<\/tr>\n<tr>\n<td><strong>Verarbeitungskapazit\u00e4t<\/strong><\/td>\n<td>500 kg\/h, 1000 kg\/h, 2000 kg\/h (anpassbar je nach Bedarf)<\/td>\n<\/tr>\n<tr>\n<td><strong>Eingangsspannung<\/strong><\/td>\n<td>380V, 50Hz, dreiphasig (oder nach Kundenspezifikation)<\/td>\n<\/tr>\n<tr>\n<td><strong>Stromverbrauch<\/strong><\/td>\n<td>15kW, 25kW, 50kW (je nach Leistung)<\/td>\n<\/tr>\n<tr>\n<td><strong>Typ der Hauptmaschine<\/strong><\/td>\n<td>Extruder, Wasserk\u00fchlung, Pelletiereinheit<\/td>\n<\/tr>\n<tr>\n<td><strong>Motor Typ<\/strong><\/td>\n<td>Servomotor (f\u00fcr pr\u00e4zise Steuerung)<\/td>\n<\/tr>\n<tr>\n<td><strong>Material der Klinge<\/strong><\/td>\n<td>Hochharter legierter Stahl<\/td>\n<\/tr>\n<tr>\n<td><strong>Kontrollsystem<\/strong><\/td>\n<td>PLC-Touchscreen-Steuerungssystem<\/td>\n<\/tr>\n<tr>\n<td><strong>Wasser-K\u00fchlsystem<\/strong><\/td>\n<td>Wasserbadk\u00fchlung zur Verfestigung von Kunststoffstr\u00e4ngen zu Granulat<\/td>\n<\/tr>\n<tr>\n<td><strong>Ausgangstyp<\/strong><\/td>\n<td>Kunststoffgranulat<\/td>\n<\/tr>\n<tr>\n<td><strong>Sicherheitsmerkmale<\/strong><\/td>\n<td>\u00dcberlastungsschutz, Not-Aus, Sicherheitsverriegelung, etc.<\/td>\n<\/tr>\n<tr>\n<td><strong>L\u00e4rmpegel<\/strong><\/td>\n<td>&lt;80dB<\/td>\n<\/tr>\n<tr>\n<td><strong>Zertifizierungen<\/strong><\/td>\n<td>CE, ISO 9001<\/td>\n<\/tr>\n<tr>\n<td><strong>Garantie<\/strong><\/td>\n<td>1 Jahr Garantie<\/td>\n<\/tr>\n<tr>\n<td><strong>Dienstleistungen &amp; Support<\/strong><\/td>\n<td>Installation, Inbetriebnahme, Schulung und technische Fernunterst\u00fctzung<\/td>\n<\/tr>\n<\/tbody>\n<\/table>\n<h4><strong>Anwendungen:<\/strong><\/h4>\n<ul>\n<li><strong>Kunststoff-Recycling-Zentren<\/strong>: Ideal f\u00fcr die Verarbeitung eines breiten Spektrums von Kunststoffabf\u00e4llen zu wiederverwendbarem Granulat.<\/li>\n<li><strong>Hersteller<\/strong>: Produziert hochwertiges Kunststoffgranulat f\u00fcr die Herstellung neuer Kunststoffprodukte.<\/li>\n<li><strong>Umweltvertr\u00e4gliche L\u00f6sungen<\/strong>: Unterst\u00fctzt Nachhaltigkeitsziele durch die Verringerung von Plastikm\u00fcll und die Schonung nat\u00fcrlicher Ressourcen.<\/li>\n<\/ul>\n<h4><strong>Vorteile:<\/strong><\/h4>\n<ul>\n<li><strong>Kosteng\u00fcnstig<\/strong>: Reduziert den Bedarf an neuem Kunststoff und senkt die Materialkosten.<\/li>\n<li><strong>Auswirkungen auf die Umwelt<\/strong>: Beitrag zur Verringerung der Plastikverschmutzung und zur Erf\u00fcllung der Nachhaltigkeitsziele.<\/li>\n<li><strong>Hochwertige Pellets<\/strong>: Das Wasserziehverfahren gew\u00e4hrleistet eine gleichbleibende Pelletqualit\u00e4t, die ideal f\u00fcr die Wiederverwendung in der Produktion ist.<\/li>\n<li><strong>Langlebig und wartungsarm<\/strong>: Langlebig, mit minimalen Ausfallzeiten und einfacher Wartung.<\/li>\n<\/ul>\n<h4><strong>Support und Kundendienst:<\/strong><\/h4>\n<ul>\n<li><strong>Installation und Schulung<\/strong>: Unser Team bietet umfassende Unterst\u00fctzung bei der Installation und Schulung, um einen reibungslosen Betrieb zu gew\u00e4hrleisten.<\/li>\n<li><strong>Technische Unterst\u00fctzung<\/strong>: Fehlerbehebung per Fernzugriff und laufende technische Unterst\u00fctzung sind verf\u00fcgbar.<\/li>\n<li><strong>Ein-Jahres-Garantie<\/strong>: Ein Jahr Garantie auf alle Teile und Arbeitsleistungen.<\/li>\n<\/ul>","protected":false},"excerpt":{"rendered":"<p>Unser <strong>Kunststoff-Recycling-Maschine<\/strong> nutzt die <strong>Wasserzieh-Extrusionsverfahren<\/strong> zur effizienten Umwandlung von Kunststoffabf\u00e4llen in hochwertiges Granulat. Durch die Extrusion von geschreddertem Kunststoff und die K\u00fchlung in einem Wasserbad erzeugt die Maschine ein gleichm\u00e4\u00dfiges, wiederverwendbares Granulat, das sich ideal f\u00fcr die Produktion eignet. Diese energieeffiziente, einfach zu bedienende und wartungsarme Maschine eignet sich perfekt f\u00fcr Recyclingzentren und Hersteller, die Kunststoffabf\u00e4lle reduzieren, Kosten senken und gleichzeitig die Nachhaltigkeit f\u00f6rdern wollen.<\/p>","protected":false},"featured_media":1086,"comment_status":"open","ping_status":"closed","template":"","meta":{"_gspb_post_css":"","rank_math_lock_modified_date":false},"product_brand":[],"product_cat":[15],"product_tag":[],"class_list":{"0":"post-1311","1":"product","2":"type-product","3":"status-publish","4":"has-post-thumbnail","6":"product_cat-plastic-recycling-machines","8":"first","9":"instock","10":"shipping-taxable","11":"purchasable","12":"product-type-variable"},"_links":{"self":[{"href":"https:\/\/jiantaimachine.com\/de\/wp-json\/wp\/v2\/product\/1311","targetHints":{"allow":["GET"]}}],"collection":[{"href":"https:\/\/jiantaimachine.com\/de\/wp-json\/wp\/v2\/product"}],"about":[{"href":"https:\/\/jiantaimachine.com\/de\/wp-json\/wp\/v2\/types\/product"}],"replies":[{"embeddable":true,"href":"https:\/\/jiantaimachine.com\/de\/wp-json\/wp\/v2\/comments?post=1311"}],"wp:featuredmedia":[{"embeddable":true,"href":"https:\/\/jiantaimachine.com\/de\/wp-json\/wp\/v2\/media\/1086"}],"wp:attachment":[{"href":"https:\/\/jiantaimachine.com\/de\/wp-json\/wp\/v2\/media?parent=1311"}],"wp:term":[{"taxonomy":"product_brand","embeddable":true,"href":"https:\/\/jiantaimachine.com\/de\/wp-json\/wp\/v2\/product_brand?post=1311"},{"taxonomy":"product_cat","embeddable":true,"href":"https:\/\/jiantaimachine.com\/de\/wp-json\/wp\/v2\/product_cat?post=1311"},{"taxonomy":"product_tag","embeddable":true,"href":"https:\/\/jiantaimachine.com\/de\/wp-json\/wp\/v2\/product_tag?post=1311"}],"curies":[{"name":"wp","href":"https:\/\/api.w.org\/{rel}","templated":true}]}}