{"id":1042,"date":"2024-11-13T19:53:50","date_gmt":"2024-11-13T19:53:50","guid":{"rendered":"https:\/\/jiantaimachine.com\/?post_type=product&#038;p=1042"},"modified":"2025-07-06T00:36:16","modified_gmt":"2025-07-06T00:36:16","slug":"einschnecken-kunststoffrecyclingmaschine","status":"publish","type":"product","link":"https:\/\/jiantaimachine.com\/de\/single-screw-plastic-recycling-machine\/","title":{"rendered":"Einschnecken-Kunststoffrecyclingmaschine"},"content":{"rendered":"<p>Die Einschnecken-Kunststoffrecyclingmaschine von JianTai ist f\u00fcr die effiziente Verarbeitung und das Recycling einer breiten Palette von Kunststoffen ausgelegt, darunter Polyethylen (PE), Polypropylen (PP), Polystyrol (PS) und andere. Diese Maschine eignet sich sowohl f\u00fcr kleine als auch f\u00fcr gro\u00dfe Recyclingbetriebe und bietet eine kosteneffiziente L\u00f6sung zur Umwandlung von Kunststoffabf\u00e4llen in wertvolle Rohmaterialien.<\/p>\n<h3>Wesentliche Merkmale:<\/h3>\n<ol>\n<li><strong>Effiziente Kunststoffverarbeitung<\/strong>: Die Einschneckenkonstruktion sorgt f\u00fcr eine gleichm\u00e4\u00dfige, kontinuierliche Kunststoffextrusion, was zu einer hohen Effizienz und minimalen Ausfallzeiten f\u00fchrt.<\/li>\n<li><strong>Energieeinsparung<\/strong>: Ausgestattet mit fortschrittlicher, energieeffizienter Technologie, reduziert diese Maschine den Stromverbrauch und ist damit eine umweltfreundliche und kosteng\u00fcnstige Wahl.<\/li>\n<li><strong>Vielseitige Anwendungen<\/strong>: Geeignet f\u00fcr die Verarbeitung verschiedener Arten von Kunststoffen, einschlie\u00dflich Post-Consumer-Abf\u00e4llen, industriellen Kunststoffabf\u00e4llen und Kunststofffolien.<\/li>\n<li><strong>Anpassbare Ausgabe<\/strong>: Bietet Flexibilit\u00e4t bei den Ausgabespezifikationen und erm\u00f6glicht es dem Benutzer, die Maschineneinstellungen f\u00fcr verschiedene Kunststoffprodukte oder Rohmaterialformen anzupassen.<\/li>\n<li><strong>Langlebige Konstruktion<\/strong>: Hochwertige Materialien und Pr\u00e4zisionsmechanik sorgen f\u00fcr eine lange Lebensdauer, auch im Dauerbetrieb.<\/li>\n<li><strong>Einfach zu bedienen und zu warten<\/strong>: Benutzerfreundliche Steuersysteme machen den Betrieb einfach, w\u00e4hrend einfache Wartungsfunktionen die Ausfallzeiten reduzieren und eine optimale Leistung gew\u00e4hrleisten.<\/li>\n<\/ol>\n<h3>Vorteile:<\/h3>\n<ul>\n<li><strong>Hoher Durchsatz<\/strong>: Sie k\u00f6nnen gro\u00dfe Mengen an Kunststoffabf\u00e4llen schnell verarbeiten und so die Produktivit\u00e4t steigern.<\/li>\n<li><strong>Kosteng\u00fcnstig<\/strong>: Reduziert die Betriebskosten durch minimalen Energieverbrauch und geringen Wartungsaufwand.<\/li>\n<li><strong>Nachhaltig<\/strong>: Es tr\u00e4gt zur Verringerung von Kunststoffabf\u00e4llen und zu einer Kreislaufwirtschaft bei, indem es Materialien zu verwertbaren Ressourcen recycelt.<\/li>\n<li><strong>Kompakte Bauweise<\/strong>: Platzsparend und leicht in bestehende Recyclingsysteme zu integrieren.<\/li>\n<\/ul>\n<h3>Anwendungen:<\/h3>\n<ul>\n<li><strong>Recycling von Kunststofffolien<\/strong>: Ideal f\u00fcr das Recycling von Kunststofffolien und flexiblen Materialien.<\/li>\n<li><strong>Recycling von Post-Consumer-Kunststoffen<\/strong>: Geeignet f\u00fcr die Umwandlung von Verbraucherabf\u00e4llen in wertvolle Rohstoffe.<\/li>\n<li><strong>Industrielles Kunststoffrecycling<\/strong>: Wirksam bei der Verarbeitung von industriellen Kunststoffabf\u00e4llen und -resten.<\/li>\n<\/ul>\n<h3>Warum sollten Sie sich f\u00fcr JianTai's Single Screw Plastic Recycling Machine entscheiden?<\/h3>\n<p>Die Einschnecken-Kunststoffrecyclingmaschine von JianTai bietet eine zuverl\u00e4ssige, leistungsstarke L\u00f6sung, um die wachsende Nachfrage nach nachhaltigem Kunststoffrecycling zu erf\u00fcllen. Ganz gleich, ob Sie ein kleiner Recycler oder ein Gro\u00dfbetrieb sind, unsere Maschinen sind darauf ausgelegt, die Effizienz zu optimieren, die Umweltbelastung zu verringern und qualitativ hochwertige Rezyklate f\u00fcr die Wiederverwendung zu liefern.<\/p>\n<p>Wenn Sie weitere Informationen w\u00fcnschen oder ein Angebot einholen m\u00f6chten, kontaktieren Sie uns noch heute!<\/p>","protected":false},"excerpt":{"rendered":"<p>Die Einschnecken-Kunststoffrecyclingmaschine von JianTai verarbeitet effizient verschiedene Kunststoffe, darunter PE, PP und PS, und verwandelt Abf\u00e4lle in wertvolle Rohmaterialien. Mit energiesparender Technologie, hohem Durchsatz und geringem Wartungsaufwand ist sie eine ideale L\u00f6sung f\u00fcr kleine und gro\u00dfe Recyclingbetriebe und tr\u00e4gt zu einer nachhaltigen Kreislaufwirtschaft bei.<\/p>","protected":false},"featured_media":1086,"comment_status":"open","ping_status":"closed","template":"","meta":{"_gspb_post_css":"","rank_math_lock_modified_date":false},"product_brand":[],"product_cat":[15],"product_tag":[],"class_list":{"0":"post-1042","1":"product","2":"type-product","3":"status-publish","4":"has-post-thumbnail","6":"product_cat-plastic-recycling-machines","8":"first","9":"instock","10":"shipping-taxable","11":"purchasable","12":"product-type-variable"},"_links":{"self":[{"href":"https:\/\/jiantaimachine.com\/de\/wp-json\/wp\/v2\/product\/1042","targetHints":{"allow":["GET"]}}],"collection":[{"href":"https:\/\/jiantaimachine.com\/de\/wp-json\/wp\/v2\/product"}],"about":[{"href":"https:\/\/jiantaimachine.com\/de\/wp-json\/wp\/v2\/types\/product"}],"replies":[{"embeddable":true,"href":"https:\/\/jiantaimachine.com\/de\/wp-json\/wp\/v2\/comments?post=1042"}],"wp:featuredmedia":[{"embeddable":true,"href":"https:\/\/jiantaimachine.com\/de\/wp-json\/wp\/v2\/media\/1086"}],"wp:attachment":[{"href":"https:\/\/jiantaimachine.com\/de\/wp-json\/wp\/v2\/media?parent=1042"}],"wp:term":[{"taxonomy":"product_brand","embeddable":true,"href":"https:\/\/jiantaimachine.com\/de\/wp-json\/wp\/v2\/product_brand?post=1042"},{"taxonomy":"product_cat","embeddable":true,"href":"https:\/\/jiantaimachine.com\/de\/wp-json\/wp\/v2\/product_cat?post=1042"},{"taxonomy":"product_tag","embeddable":true,"href":"https:\/\/jiantaimachine.com\/de\/wp-json\/wp\/v2\/product_tag?post=1042"}],"curies":[{"name":"wp","href":"https:\/\/api.w.org\/{rel}","templated":true}]}}